{"id":21734,"date":"2020-10-12T18:17:39","date_gmt":"2020-10-12T18:17:39","guid":{"rendered":"https:\/\/boticacentral.com\/boticav2\/?page_id=21734"},"modified":"2020-10-12T18:42:26","modified_gmt":"2020-10-12T18:42:26","slug":"programa-de-lealtad","status":"publish","type":"page","link":"https:\/\/sokotest2.com\/boticacentral\/servicios\/programa-de-lealtad\/","title":{"rendered":"Programa de lealtad"},"content":{"rendered":"<div class=\"wpb-content-wrapper\"><p>[vc_row][vc_column width=\u00bb1\/2&#8243;][vc_single_image image=\u00bb21736&#8243; img_size=\u00bbfull\u00bb alignment=\u00bbcenter\u00bb][\/vc_column][vc_column width=\u00bb1\/2&#8243;][vc_single_image image=\u00bb21738&#8243; img_size=\u00bbfull\u00bb alignment=\u00bbcenter\u00bb][\/vc_column][\/vc_row][vc_row][vc_column][vc_empty_space height=\u00bb50px\u00bb][vc_custom_heading text=\u00bb\u00bfQu\u00e9 es C\u00edrculo de la Salud?\u00bb font_container=\u00bbtag:h2|font_size:28|text_align:left|color:%23337ab7&#8243; use_theme_fonts=\u00bbyes\u00bb link=\u00bburl:http%3A%2F%2Fwww.circulodelasalud.mx%2F|target:_blank\u00bb][vc_column_text el_class=\u00bbtextp\u00bb]C\u00edrculo de la Salud es una iniciativa impulsada por diversos actores del sector salud, que busca instrumentar un modelo integral de dispensaci\u00f3n sanitaria basado en principios \u00e9ticos, promover el respeto al tratamiento prescrito por el m\u00e9dico y que garantice a los pacientes el acceso a medicamentos seguros y de la m\u00e1s alta calidad.[\/vc_column_text][vc_row_inner][vc_column_inner width=\u00bb1\/2&#8243;][vc_custom_heading text=\u00bbObt\u00e9n tu tarjeta del Programa Circulo de la Salud Oro totalmente gratis aqu\u00ed en:\u00bb font_container=\u00bbtag:h2|font_size:28|text_align:center|color:%23337ab7&#8243; use_theme_fonts=\u00bbyes\u00bb][\/vc_column_inner][vc_column_inner width=\u00bb1\/2&#8243;][vc_single_image image=\u00bb21739&#8243; img_size=\u00bbfull\u00bb alignment=\u00bbcenter\u00bb][\/vc_column_inner][\/vc_row_inner][\/vc_column][\/vc_row][vc_row][vc_column][vc_custom_heading text=\u00bbEntre nuestros principales objetivos, se encuentran:\u00bb font_container=\u00bbtag:h2|font_size:28|text_align:left|color:%230000ff\u00bb use_theme_fonts=\u00bbyes\u00bb][vc_column_text el_class=\u00bbtextp\u00bb]<\/p>\n<ul>\n<li>El cuidado de la salud y el bienestar de los pacientes.<\/li>\n<li>Fomentar una atenci\u00f3n m\u00e9dica con \u00e9tica y calidad.<\/li>\n<li>Asegurar el respeto a la voluntad y la prescripci\u00f3n del m\u00e9dico en farmacias.<\/li>\n<li>Garantizar que todos los medicamentos y dem\u00e1s productos comercializados dentro de la red<\/li>\n<\/ul>\n<p>C\u00edrculo de la Salud son adquiridos de proveedores, fabricantes y\/o distribuidores legalmente<\/p>\n<p>establecidos que cuenten con las autorizaciones requeridas por la regulaci\u00f3n nacional.[\/vc_column_text][vc_empty_space][vc_single_image image=\u00bb21740&#8243; img_size=\u00bbfull\u00bb alignment=\u00bbcenter\u00bb][vc_column_text el_class=\u00bbtextp2&#8243;]<\/p>\n<p style=\"text-align: center;\">Mes con mes la tarjeta Circulo de la Salud tiene los mejores descuentos<\/p>\n<p style=\"text-align: center;\">en la mayor\u00eda de nuestros medicamentos!!!<\/p>\n<p style=\"text-align: center;\">Act\u00edvala ya !<\/p>\n<p>[\/vc_column_text][\/vc_column][\/vc_row]<\/p>\n<\/div>","protected":false},"excerpt":{"rendered":"<p>[vc_row][vc_column width=\u00bb1\/2&#8243;][vc_single_image image=\u00bb21736&#8243; img_size=\u00bbfull\u00bb alignment=\u00bbcenter\u00bb][\/vc_column][vc_column width=\u00bb1\/2&#8243;][vc_single_image image=\u00bb21738&#8243; img_size=\u00bbfull\u00bb alignment=\u00bbcenter\u00bb][\/vc_column][\/vc_row][vc_row][vc_column][vc_empty_space height=\u00bb50px\u00bb][vc_custom_heading text=\u00bb\u00bfQu\u00e9 es C\u00edrculo de la Salud?\u00bb font_container=\u00bbtag:h2|font_size:28|text_align:left|color:%23337ab7&#8243; use_theme_fonts=\u00bbyes\u00bb link=\u00bburl:http%3A%2F%2Fwww.circulodelasalud.mx%2F|target:_blank\u00bb][vc_column_text el_class=\u00bbtextp\u00bb]C\u00edrculo de la Salud es una iniciativa impulsada por diversos actores del sector salud, que busca instrumentar un modelo integral de dispensaci\u00f3n sanitaria basado en principios \u00e9ticos, promover el respeto al tratamiento prescrito por el m\u00e9dico [&hellip;]<\/p>\n","protected":false},"author":1,"featured_media":0,"parent":21643,"menu_order":0,"comment_status":"closed","ping_status":"closed","template":"","meta":{"footnotes":""},"_links":{"self":[{"href":"https:\/\/sokotest2.com\/boticacentral\/wp-json\/wp\/v2\/pages\/21734"}],"collection":[{"href":"https:\/\/sokotest2.com\/boticacentral\/wp-json\/wp\/v2\/pages"}],"about":[{"href":"https:\/\/sokotest2.com\/boticacentral\/wp-json\/wp\/v2\/types\/page"}],"author":[{"embeddable":true,"href":"https:\/\/sokotest2.com\/boticacentral\/wp-json\/wp\/v2\/users\/1"}],"replies":[{"embeddable":true,"href":"https:\/\/sokotest2.com\/boticacentral\/wp-json\/wp\/v2\/comments?post=21734"}],"version-history":[{"count":3,"href":"https:\/\/sokotest2.com\/boticacentral\/wp-json\/wp\/v2\/pages\/21734\/revisions"}],"predecessor-version":[{"id":21741,"href":"https:\/\/sokotest2.com\/boticacentral\/wp-json\/wp\/v2\/pages\/21734\/revisions\/21741"}],"up":[{"embeddable":true,"href":"https:\/\/sokotest2.com\/boticacentral\/wp-json\/wp\/v2\/pages\/21643"}],"wp:attachment":[{"href":"https:\/\/sokotest2.com\/boticacentral\/wp-json\/wp\/v2\/media?parent=21734"}],"curies":[{"name":"wp","href":"https:\/\/api.w.org\/{rel}","templated":true}]}}