{"id":24509,"date":"2022-12-09T18:58:11","date_gmt":"2022-12-09T18:58:11","guid":{"rendered":"https:\/\/boticacentral.com\/product\/oximetro-digital-azul\/"},"modified":"2024-06-03T19:45:40","modified_gmt":"2024-06-03T19:45:40","slug":"oximetro-digital-azul","status":"publish","type":"product","link":"https:\/\/sokotest2.com\/boticacentral\/product\/oximetro-digital-azul\/","title":{"rendered":"OXIMETRO DIGITAL"},"content":{"rendered":"<div class=\"wpb-content-wrapper\"><p>[vc_row full_width=\u00bbstretch_row\u00bb][vc_column width=\u00bb1\/2&#8243;]Please provide product id to display corresponding data![\/vc_column][vc_column width=\u00bb1\/2&#8243;][vc_row_inner][vc_column_inner]Please provide product id to display corresponding data![\/vc_column_inner][\/vc_row_inner][\/vc_column][\/vc_row][vc_row][vc_column]<div id=\"1545817584375-f9ef05ab-bba7\" class=\"dt-sc-empty-space\"><\/div>[\/vc_column][\/vc_row][vc_row][vc_column]<div class='dt-sc-tabs-horizontal-container  ' data-effect='fade' data-delay='0'><ul class='dt-sc-tabs-horizontal'><li><a href=\"javascript:void(0);\">Descripci\u00f3n del producto<\/a><\/li><li><a href=\"javascript:void(0);\">Comentarios<\/a><\/li><li><a href=\"javascript:void(0);\">Detalles de env\u00edo<\/a><\/li><\/ul><div class='dt-sc-tabs-horizontal-content'>[vc_column_text css=\u00bb.vc_custom_1563787911528{margin-bottom: 0px !important;}\u00bb]Please provide product id to display corresponding data![\/vc_column_text]<\/div><div class='dt-sc-tabs-horizontal-content'>[vc_column_text css=\u00bb.vc_custom_1563533547548{margin-bottom: 0px !important;}\u00bb]Please provide product id to display corresponding data![\/vc_column_text]<\/div><div class='dt-sc-tabs-horizontal-content'>[vc_column_text css=\u00bb.vc_custom_1579763771325{margin-bottom: 0px !important;}\u00bb]Please provide product id to display corresponding data![\/vc_column_text]<\/div><\/div><div id=\"1563177419857-c73bdca0-74fc\" class=\"dt-sc-empty-space\"><\/div>[\/vc_column][\/vc_row][vc_row][vc_column]Please provide product id to display corresponding data![\/vc_column][\/vc_row]<\/p>\n<\/div>","protected":false},"excerpt":{"rendered":"<p>Nuestro ox\u00edmetro digital de pulso es f\u00e1cil de usar e interpretar, con una pantalla digital que muestra la lectura de manera instant\u00e1nea una vez que se coloca el dedo. Este ox\u00edmetro es una herramienta valiosa para aquellos que desean optimizar su bienestar y calidad de vida, permite un seguimiento constante de la saturaci\u00f3n de ox\u00edgeno en el cuerpo, brindando informaci\u00f3n esencial para mantener un estilo de vida activo y saludable.<\/p>\n<p>&nbsp;<\/p>\n<p>&nbsp;<\/p>\n","protected":false},"featured_media":25167,"template":"","meta":[],"_links":{"self":[{"href":"https:\/\/sokotest2.com\/boticacentral\/wp-json\/wp\/v2\/product\/24509"}],"collection":[{"href":"https:\/\/sokotest2.com\/boticacentral\/wp-json\/wp\/v2\/product"}],"about":[{"href":"https:\/\/sokotest2.com\/boticacentral\/wp-json\/wp\/v2\/types\/product"}],"wp:featuredmedia":[{"embeddable":true,"href":"https:\/\/sokotest2.com\/boticacentral\/wp-json\/wp\/v2\/media\/25167"}],"wp:attachment":[{"href":"https:\/\/sokotest2.com\/boticacentral\/wp-json\/wp\/v2\/media?parent=24509"}],"curies":[{"name":"wp","href":"https:\/\/api.w.org\/{rel}","templated":true}]}}