{"id":24861,"date":"2023-09-18T15:35:08","date_gmt":"2023-09-18T15:35:08","guid":{"rendered":"https:\/\/boticacentral.com\/?post_type=product&#038;p=24861"},"modified":"2024-10-23T21:16:18","modified_gmt":"2024-10-23T21:16:18","slug":"exderm-age-crema-de-noche-anti-edad-50ml","status":"publish","type":"product","link":"https:\/\/sokotest2.com\/boticacentral\/product\/exderm-age-crema-de-noche-anti-edad-50ml\/","title":{"rendered":"EXDERM AGE CREMA DE NOCHE ANTI EDAD 50ML"},"content":{"rendered":"","protected":false},"excerpt":{"rendered":"<p>COD 765066743451<br \/>\nEXDERM CREMA ANTIEDAD DE NOCHE 50ml<\/p>\n<p>Crema anti-edad de noche 30a\u00f1os+, es una f\u00f3rmula especial para mantener la piel joven, previniendo los signos de la edad. Es rica en activos, como el \u00e1cido hialur\u00f3nico, col\u00e1geno y elastina que permiten mantener la firmeza de la piel, al tiempo que la mantienen hidratada y nutrida.<\/p>\n","protected":false},"featured_media":24862,"template":"","meta":[],"_links":{"self":[{"href":"https:\/\/sokotest2.com\/boticacentral\/wp-json\/wp\/v2\/product\/24861"}],"collection":[{"href":"https:\/\/sokotest2.com\/boticacentral\/wp-json\/wp\/v2\/product"}],"about":[{"href":"https:\/\/sokotest2.com\/boticacentral\/wp-json\/wp\/v2\/types\/product"}],"wp:featuredmedia":[{"embeddable":true,"href":"https:\/\/sokotest2.com\/boticacentral\/wp-json\/wp\/v2\/media\/24862"}],"wp:attachment":[{"href":"https:\/\/sokotest2.com\/boticacentral\/wp-json\/wp\/v2\/media?parent=24861"}],"curies":[{"name":"wp","href":"https:\/\/api.w.org\/{rel}","templated":true}]}}