{"id":24868,"date":"2023-09-18T16:42:48","date_gmt":"2023-09-18T16:42:48","guid":{"rendered":"https:\/\/boticacentral.com\/?post_type=product&#038;p=24868"},"modified":"2024-11-22T15:36:59","modified_gmt":"2024-11-22T15:36:59","slug":"exderm-lift-serum-supreme-lifting-hialuronico-50-ml","status":"publish","type":"product","link":"https:\/\/sokotest2.com\/boticacentral\/product\/exderm-lift-serum-supreme-lifting-hialuronico-50-ml\/","title":{"rendered":"EXDERM LIFT SERUM SUPREME LIFTING HIALURONICO 50 ML"},"content":{"rendered":"","protected":false},"excerpt":{"rendered":"<p>COD 0765066743444<\/p>\n<p class=\"page-heading\">EXDERM LIFT SERUM SUPREME LIFTING HIALURONICO 50 ML<\/p>\n<p class=\"page-heading\">Suero con \u00e1cido hialur\u00f3nico, col\u00e1geno y elastina que logran un efecto relleno de las arruguitas y finas l\u00edneas de expresi\u00f3n, al tiempo que aportan estructura, firmeza y elasticidad a la piel y la mantienen hidratada por la capacidad de esos activos de retener las mol\u00e9culas de agua.<\/p>\n<p>&nbsp;<\/p>\n","protected":false},"featured_media":27179,"template":"","meta":[],"_links":{"self":[{"href":"https:\/\/sokotest2.com\/boticacentral\/wp-json\/wp\/v2\/product\/24868"}],"collection":[{"href":"https:\/\/sokotest2.com\/boticacentral\/wp-json\/wp\/v2\/product"}],"about":[{"href":"https:\/\/sokotest2.com\/boticacentral\/wp-json\/wp\/v2\/types\/product"}],"wp:featuredmedia":[{"embeddable":true,"href":"https:\/\/sokotest2.com\/boticacentral\/wp-json\/wp\/v2\/media\/27179"}],"wp:attachment":[{"href":"https:\/\/sokotest2.com\/boticacentral\/wp-json\/wp\/v2\/media?parent=24868"}],"curies":[{"name":"wp","href":"https:\/\/api.w.org\/{rel}","templated":true}]}}