{"id":24958,"date":"2023-10-16T22:19:27","date_gmt":"2023-10-16T22:19:27","guid":{"rendered":"https:\/\/boticacentral.com\/?post_type=product&#038;p=24958"},"modified":"2024-10-23T20:13:41","modified_gmt":"2024-10-23T20:13:41","slug":"cicaplas-b5-gel-40ml","status":"publish","type":"product","link":"https:\/\/sokotest2.com\/boticacentral\/product\/cicaplas-b5-gel-40ml\/","title":{"rendered":"CICAPLAS B5 GEL 40ML"},"content":{"rendered":"","protected":false},"excerpt":{"rendered":"<ul>\n<li>Promueve una recuperaci\u00f3n epid\u00e9rmica \u00f3ptima: la funci\u00f3n de barrera de la piel se restaura m\u00e1s r\u00e1pidamente.<\/li>\n<li>Se puede utilizar para masajear cicatrices.<\/li>\n<li>Deja la piel m\u00e1s flexible, menos enrojecida y dolorosa<\/li>\n<\/ul>\n<p>Cod. 3337875586269<\/p>\n","protected":false},"featured_media":24959,"template":"","meta":[],"_links":{"self":[{"href":"https:\/\/sokotest2.com\/boticacentral\/wp-json\/wp\/v2\/product\/24958"}],"collection":[{"href":"https:\/\/sokotest2.com\/boticacentral\/wp-json\/wp\/v2\/product"}],"about":[{"href":"https:\/\/sokotest2.com\/boticacentral\/wp-json\/wp\/v2\/types\/product"}],"wp:featuredmedia":[{"embeddable":true,"href":"https:\/\/sokotest2.com\/boticacentral\/wp-json\/wp\/v2\/media\/24959"}],"wp:attachment":[{"href":"https:\/\/sokotest2.com\/boticacentral\/wp-json\/wp\/v2\/media?parent=24958"}],"curies":[{"name":"wp","href":"https:\/\/api.w.org\/{rel}","templated":true}]}}