{"id":24969,"date":"2023-10-16T22:48:32","date_gmt":"2023-10-16T22:48:32","guid":{"rendered":"https:\/\/boticacentral.com\/?post_type=product&#038;p=24969"},"modified":"2024-10-23T20:12:04","modified_gmt":"2024-10-23T20:12:04","slug":"effaclar-bb-blur-30ml","status":"publish","type":"product","link":"https:\/\/sokotest2.com\/boticacentral\/product\/effaclar-bb-blur-30ml\/","title":{"rendered":"EFFACLAR BB BLUR 30ML"},"content":{"rendered":"","protected":false},"excerpt":{"rendered":"<p>Es una crema matificante con color que cubre las imperfecciones al instante y controla el brillo en el rostro. Brinda una alta cobertura para pieles grasas y\/o con tendencia acn\u00e9ica dando un acabado anti-brillo durante todo el d\u00eda y de r\u00e1pida absorci\u00f3n para pieles sensibles.<\/p>\n<p>Ayuda a reducir la oleosidad en el rostro durante todo el d\u00eda, brinda una cobertura matificante y completa con larga duraci\u00f3n. Es un producto con una textura innovadora en mousse apto para pieles sensibles con imperfecciones y piel grasa.<\/p>\n<p>Cod. 3337872420207<\/p>\n","protected":false},"featured_media":24970,"template":"","meta":[],"_links":{"self":[{"href":"https:\/\/sokotest2.com\/boticacentral\/wp-json\/wp\/v2\/product\/24969"}],"collection":[{"href":"https:\/\/sokotest2.com\/boticacentral\/wp-json\/wp\/v2\/product"}],"about":[{"href":"https:\/\/sokotest2.com\/boticacentral\/wp-json\/wp\/v2\/types\/product"}],"wp:featuredmedia":[{"embeddable":true,"href":"https:\/\/sokotest2.com\/boticacentral\/wp-json\/wp\/v2\/media\/24970"}],"wp:attachment":[{"href":"https:\/\/sokotest2.com\/boticacentral\/wp-json\/wp\/v2\/media?parent=24969"}],"curies":[{"name":"wp","href":"https:\/\/api.w.org\/{rel}","templated":true}]}}