{"id":25014,"date":"2023-10-17T18:12:36","date_gmt":"2023-10-17T18:12:36","guid":{"rendered":"https:\/\/boticacentral.com\/?post_type=product&#038;p=25014"},"modified":"2024-10-23T20:03:52","modified_gmt":"2024-10-23T20:03:52","slug":"kerium-ds-shampoo-125ml","status":"publish","type":"product","link":"https:\/\/sokotest2.com\/boticacentral\/product\/kerium-ds-shampoo-125ml\/","title":{"rendered":"KERIUM DS SHAMPOO 125ML"},"content":{"rendered":"","protected":false},"excerpt":{"rendered":"<ul>\n<li>Elimina la caspa persistente de manera r\u00e1pida y duradera.<\/li>\n<li>Reduce la comez\u00f3n y proporciona una intensa sensaci\u00f3n de alivio.<\/li>\n<li>Previene la reaparici\u00f3n de la caspa: eficacia anti reca\u00edda de 4 semanas de duraci\u00f3n.<\/li>\n<\/ul>\n<p>Cod. 3433422407268<\/p>\n","protected":false},"featured_media":25015,"template":"","meta":[],"_links":{"self":[{"href":"https:\/\/sokotest2.com\/boticacentral\/wp-json\/wp\/v2\/product\/25014"}],"collection":[{"href":"https:\/\/sokotest2.com\/boticacentral\/wp-json\/wp\/v2\/product"}],"about":[{"href":"https:\/\/sokotest2.com\/boticacentral\/wp-json\/wp\/v2\/types\/product"}],"wp:featuredmedia":[{"embeddable":true,"href":"https:\/\/sokotest2.com\/boticacentral\/wp-json\/wp\/v2\/media\/25015"}],"wp:attachment":[{"href":"https:\/\/sokotest2.com\/boticacentral\/wp-json\/wp\/v2\/media?parent=25014"}],"curies":[{"name":"wp","href":"https:\/\/api.w.org\/{rel}","templated":true}]}}