{"id":25040,"date":"2023-10-19T22:22:21","date_gmt":"2023-10-19T22:22:21","guid":{"rendered":"https:\/\/boticacentral.com\/?post_type=product&#038;p=25040"},"modified":"2024-10-23T19:53:19","modified_gmt":"2024-10-23T19:53:19","slug":"lipikar-syndet-ap-200ml","status":"publish","type":"product","link":"https:\/\/sokotest2.com\/boticacentral\/product\/lipikar-syndet-ap-200ml\/","title":{"rendered":"LIPIKAR SYNDET AP+ 200ML"},"content":{"rendered":"","protected":false},"excerpt":{"rendered":"<ul>\n<li>Calma inmediatamente y ayuda a reducir la sequedad severa a partir de la ducha.<\/li>\n<li>Hidrata para aliviar la piel irritada y calmar el picor.<\/li>\n<li>Apto\u00a0para reci\u00e9n nacidos, beb\u00e9s, ni\u00f1os y adultos con pieles at\u00f3picas con tendencia al eczema.<\/li>\n<\/ul>\n<p>Cod. 3337875537308<\/p>\n","protected":false},"featured_media":25042,"template":"","meta":[],"_links":{"self":[{"href":"https:\/\/sokotest2.com\/boticacentral\/wp-json\/wp\/v2\/product\/25040"}],"collection":[{"href":"https:\/\/sokotest2.com\/boticacentral\/wp-json\/wp\/v2\/product"}],"about":[{"href":"https:\/\/sokotest2.com\/boticacentral\/wp-json\/wp\/v2\/types\/product"}],"wp:featuredmedia":[{"embeddable":true,"href":"https:\/\/sokotest2.com\/boticacentral\/wp-json\/wp\/v2\/media\/25042"}],"wp:attachment":[{"href":"https:\/\/sokotest2.com\/boticacentral\/wp-json\/wp\/v2\/media?parent=25040"}],"curies":[{"name":"wp","href":"https:\/\/api.w.org\/{rel}","templated":true}]}}