{"id":25043,"date":"2023-10-19T22:27:53","date_gmt":"2023-10-19T22:27:53","guid":{"rendered":"https:\/\/boticacentral.com\/?post_type=product&#038;p=25043"},"modified":"2024-10-23T19:52:50","modified_gmt":"2024-10-23T19:52:50","slug":"lipikar-syndet-ap-400ml","status":"publish","type":"product","link":"https:\/\/sokotest2.com\/boticacentral\/product\/lipikar-syndet-ap-400ml\/","title":{"rendered":"LIPIKAR SYNDET AP+ 400ML"},"content":{"rendered":"","protected":false},"excerpt":{"rendered":"<ul>\n<li>Calma inmediatamente y ayuda a reducir la sequedad severa a partir de la ducha.<\/li>\n<li>Hidrata para aliviar la piel irritada y calmar el picor.<\/li>\n<li>Apto para\u00a0reci\u00e9n nacidos, beb\u00e9s, ni\u00f1os y adultos con pieles at\u00f3picas con tendencia al eccema.<\/li>\n<\/ul>\n<p>Cod. 3337875537315<\/p>\n","protected":false},"featured_media":25044,"template":"","meta":[],"_links":{"self":[{"href":"https:\/\/sokotest2.com\/boticacentral\/wp-json\/wp\/v2\/product\/25043"}],"collection":[{"href":"https:\/\/sokotest2.com\/boticacentral\/wp-json\/wp\/v2\/product"}],"about":[{"href":"https:\/\/sokotest2.com\/boticacentral\/wp-json\/wp\/v2\/types\/product"}],"wp:featuredmedia":[{"embeddable":true,"href":"https:\/\/sokotest2.com\/boticacentral\/wp-json\/wp\/v2\/media\/25044"}],"wp:attachment":[{"href":"https:\/\/sokotest2.com\/boticacentral\/wp-json\/wp\/v2\/media?parent=25043"}],"curies":[{"name":"wp","href":"https:\/\/api.w.org\/{rel}","templated":true}]}}