{"id":25060,"date":"2023-10-19T23:14:45","date_gmt":"2023-10-19T23:14:45","guid":{"rendered":"https:\/\/boticacentral.com\/?post_type=product&#038;p=25060"},"modified":"2024-11-01T00:00:07","modified_gmt":"2024-11-01T00:00:07","slug":"pure-vitamin-c10-30ml","status":"publish","type":"product","link":"https:\/\/sokotest2.com\/boticacentral\/product\/pure-vitamin-c10-30ml\/","title":{"rendered":"PURE VITAMIN C10 30ML"},"content":{"rendered":"","protected":false},"excerpt":{"rendered":"<p>El Suero Facial Anti Oxidante Anti Edad La Roche Posay Pure Vitamin C10 revela toda la luminosidad de la piel sensible. Corrige el envejecimiento cut\u00e1neo y mejora la calidad de la piel, a la par que brinda luminosidad y mejora la textura de la piel. Su textura ligera de r\u00e1pida absorci\u00f3n cuenta con un acabado aterciopelado y no graso. Brinda una \u00f3ptima tolerancia para pieles sensibles ya que cuenta con principios activos calmantes como Neurosensina, Agua Termal, pH fisiol\u00f3gico.<\/p>\n<p>Cod. 3337875660570<\/p>\n","protected":false},"featured_media":25061,"template":"","meta":[],"_links":{"self":[{"href":"https:\/\/sokotest2.com\/boticacentral\/wp-json\/wp\/v2\/product\/25060"}],"collection":[{"href":"https:\/\/sokotest2.com\/boticacentral\/wp-json\/wp\/v2\/product"}],"about":[{"href":"https:\/\/sokotest2.com\/boticacentral\/wp-json\/wp\/v2\/types\/product"}],"wp:featuredmedia":[{"embeddable":true,"href":"https:\/\/sokotest2.com\/boticacentral\/wp-json\/wp\/v2\/media\/25061"}],"wp:attachment":[{"href":"https:\/\/sokotest2.com\/boticacentral\/wp-json\/wp\/v2\/media?parent=25060"}],"curies":[{"name":"wp","href":"https:\/\/api.w.org\/{rel}","templated":true}]}}