{"id":25159,"date":"2023-11-16T16:58:35","date_gmt":"2023-11-16T16:58:35","guid":{"rendered":"https:\/\/boticacentral.com\/?post_type=product&#038;p=25159"},"modified":"2024-05-11T17:22:50","modified_gmt":"2024-05-11T17:22:50","slug":"prueba-rapida-antigenos-covid-nasal-pza","status":"publish","type":"product","link":"https:\/\/sokotest2.com\/boticacentral\/product\/prueba-rapida-antigenos-covid-nasal-pza\/","title":{"rendered":"PRUEBA RAPIDA ANTIGENOS COVID NASAL PZA"},"content":{"rendered":"","protected":false},"excerpt":{"rendered":"<p>Para las personas sospechosas de tener una infecci\u00f3n por COVID-19, ofrecemos esta opci\u00f3n extra accesible, port\u00e1til y escalable para realizar pruebas de COVID-19.\u00a0Esta prueba se puede utilizar como prueba preventiva, incluso si todav\u00eda no hay quejas.\u00a0El kit de prueba permite realizar pruebas descentralizadas, lo que permite detectar infecciones antes y as\u00ed prevenir su propagaci\u00f3n.\u00a0Esto se presta bien para su uso en atenci\u00f3n m\u00e9dica y negocios.\u00a0El uso de esta prueba permite el tratamiento inmediato o medidas de aislamiento para minimizar la transmisi\u00f3n.<\/p>\n<p>Cod. 4051892001237<\/p>\n","protected":false},"featured_media":25281,"template":"","meta":[],"_links":{"self":[{"href":"https:\/\/sokotest2.com\/boticacentral\/wp-json\/wp\/v2\/product\/25159"}],"collection":[{"href":"https:\/\/sokotest2.com\/boticacentral\/wp-json\/wp\/v2\/product"}],"about":[{"href":"https:\/\/sokotest2.com\/boticacentral\/wp-json\/wp\/v2\/types\/product"}],"wp:featuredmedia":[{"embeddable":true,"href":"https:\/\/sokotest2.com\/boticacentral\/wp-json\/wp\/v2\/media\/25281"}],"wp:attachment":[{"href":"https:\/\/sokotest2.com\/boticacentral\/wp-json\/wp\/v2\/media?parent=25159"}],"curies":[{"name":"wp","href":"https:\/\/api.w.org\/{rel}","templated":true}]}}