{"id":25226,"date":"2023-11-16T23:05:35","date_gmt":"2023-11-16T23:05:35","guid":{"rendered":"https:\/\/boticacentral.com\/?post_type=product&#038;p=25226"},"modified":"2024-07-02T21:31:47","modified_gmt":"2024-07-02T21:31:47","slug":"arnica-pomada-de-la-abuela-c-30-gr","status":"publish","type":"product","link":"https:\/\/sokotest2.com\/boticacentral\/product\/arnica-pomada-de-la-abuela-c-30-gr\/","title":{"rendered":"ARNICA POMADA DE LA ABUELA C\/30 GR"},"content":{"rendered":"","protected":false},"excerpt":{"rendered":"<p>Ung\u00fcento de \u00e1rnica de la abuelaAuxiliar en moretones, heridas, golpes externos, lesiones cut\u00e1neas, picaduras de insectos, como desinflamante y desinfectantePresentaci\u00f3n: 30 gr LataEste producto no es un medicamento. El Consumo de este producto es responsabilidad de quien lo recomienda y quien lo usa, consulte a su medico antes de consumir cualquier medicamento.<\/p>\n<p>Cod. 7501624820133<\/p>\n","protected":false},"featured_media":25227,"template":"","meta":[],"_links":{"self":[{"href":"https:\/\/sokotest2.com\/boticacentral\/wp-json\/wp\/v2\/product\/25226"}],"collection":[{"href":"https:\/\/sokotest2.com\/boticacentral\/wp-json\/wp\/v2\/product"}],"about":[{"href":"https:\/\/sokotest2.com\/boticacentral\/wp-json\/wp\/v2\/types\/product"}],"wp:featuredmedia":[{"embeddable":true,"href":"https:\/\/sokotest2.com\/boticacentral\/wp-json\/wp\/v2\/media\/25227"}],"wp:attachment":[{"href":"https:\/\/sokotest2.com\/boticacentral\/wp-json\/wp\/v2\/media?parent=25226"}],"curies":[{"name":"wp","href":"https:\/\/api.w.org\/{rel}","templated":true}]}}