{"id":25260,"date":"2023-11-17T21:28:40","date_gmt":"2023-11-17T21:28:40","guid":{"rendered":"https:\/\/boticacentral.com\/?post_type=product&#038;p=25260"},"modified":"2024-10-23T19:24:32","modified_gmt":"2024-10-23T19:24:32","slug":"citrato-de-potasio-250-mg-c-90-cap-zen-natura","status":"publish","type":"product","link":"https:\/\/sokotest2.com\/boticacentral\/product\/citrato-de-potasio-250-mg-c-90-cap-zen-natura\/","title":{"rendered":"CITRATO DE POTASIO 250 MG C\/90 CAP \u00abZEN NATURA\u00bb"},"content":{"rendered":"","protected":false},"excerpt":{"rendered":"<p>El \u00e1cido c\u00edtrico es un compuesto que se encuentra de forma natural en el cuerpo humano porque forma parte de las rutas metab\u00f3licas.<\/p>\n<p>Cod. 7503029679002<\/p>\n","protected":false},"featured_media":25261,"template":"","meta":[],"_links":{"self":[{"href":"https:\/\/sokotest2.com\/boticacentral\/wp-json\/wp\/v2\/product\/25260"}],"collection":[{"href":"https:\/\/sokotest2.com\/boticacentral\/wp-json\/wp\/v2\/product"}],"about":[{"href":"https:\/\/sokotest2.com\/boticacentral\/wp-json\/wp\/v2\/types\/product"}],"wp:featuredmedia":[{"embeddable":true,"href":"https:\/\/sokotest2.com\/boticacentral\/wp-json\/wp\/v2\/media\/25261"}],"wp:attachment":[{"href":"https:\/\/sokotest2.com\/boticacentral\/wp-json\/wp\/v2\/media?parent=25260"}],"curies":[{"name":"wp","href":"https:\/\/api.w.org\/{rel}","templated":true}]}}