{"id":25365,"date":"2024-01-19T19:43:08","date_gmt":"2024-01-19T19:43:08","guid":{"rendered":"https:\/\/boticacentral.com\/?post_type=product&#038;p=25365"},"modified":"2024-10-23T19:16:40","modified_gmt":"2024-10-23T19:16:40","slug":"baumanometro-muneca-omron-hem6124","status":"publish","type":"product","link":"https:\/\/sokotest2.com\/boticacentral\/product\/baumanometro-muneca-omron-hem6124\/","title":{"rendered":"BAUMANOMETRO MU\u00d1ECA OMRON HEM6124"},"content":{"rendered":"","protected":false},"excerpt":{"rendered":"<p>El monitor de mu\u00f1eca autom\u00e1tico Omron es una herramienta esencial para la medici\u00f3n de la presi\u00f3n arterial en el hogar, en el trabajo y al viajar.<\/p>\n<p>COD. 73796612429<\/p>\n","protected":false},"featured_media":25366,"template":"","meta":[],"_links":{"self":[{"href":"https:\/\/sokotest2.com\/boticacentral\/wp-json\/wp\/v2\/product\/25365"}],"collection":[{"href":"https:\/\/sokotest2.com\/boticacentral\/wp-json\/wp\/v2\/product"}],"about":[{"href":"https:\/\/sokotest2.com\/boticacentral\/wp-json\/wp\/v2\/types\/product"}],"wp:featuredmedia":[{"embeddable":true,"href":"https:\/\/sokotest2.com\/boticacentral\/wp-json\/wp\/v2\/media\/25366"}],"wp:attachment":[{"href":"https:\/\/sokotest2.com\/boticacentral\/wp-json\/wp\/v2\/media?parent=25365"}],"curies":[{"name":"wp","href":"https:\/\/api.w.org\/{rel}","templated":true}]}}