{"id":25369,"date":"2024-01-23T19:00:34","date_gmt":"2024-01-23T19:00:34","guid":{"rendered":"https:\/\/boticacentral.com\/?post_type=product&#038;p=25369"},"modified":"2024-10-23T19:15:49","modified_gmt":"2024-10-23T19:15:49","slug":"baumanometro-digital-de-muneca-mod-hl-168f","status":"publish","type":"product","link":"https:\/\/sokotest2.com\/boticacentral\/product\/baumanometro-digital-de-muneca-mod-hl-168f\/","title":{"rendered":"BAUMANOMETRO DIGITAL DE MU\u00d1ECA MOD HL-168F"},"content":{"rendered":"","protected":false},"excerpt":{"rendered":"<ul>\n<li>Dispositivo Autom\u00e1tico para medir la Presi\u00f3n Sist\u00f3lica, Diast\u00f3lica y Pulso Cardiaco<\/li>\n<li>Compacto y Ligero<\/li>\n<li>F\u00e1cil de usar<\/li>\n<\/ul>\n<p>Cod. 7503012700034<\/p>\n","protected":false},"featured_media":25370,"template":"","meta":[],"_links":{"self":[{"href":"https:\/\/sokotest2.com\/boticacentral\/wp-json\/wp\/v2\/product\/25369"}],"collection":[{"href":"https:\/\/sokotest2.com\/boticacentral\/wp-json\/wp\/v2\/product"}],"about":[{"href":"https:\/\/sokotest2.com\/boticacentral\/wp-json\/wp\/v2\/types\/product"}],"wp:featuredmedia":[{"embeddable":true,"href":"https:\/\/sokotest2.com\/boticacentral\/wp-json\/wp\/v2\/media\/25370"}],"wp:attachment":[{"href":"https:\/\/sokotest2.com\/boticacentral\/wp-json\/wp\/v2\/media?parent=25369"}],"curies":[{"name":"wp","href":"https:\/\/api.w.org\/{rel}","templated":true}]}}