{"id":25563,"date":"2024-05-20T17:34:19","date_gmt":"2024-05-20T17:34:19","guid":{"rendered":"https:\/\/boticacentral.com\/?post_type=product&#038;p=25563"},"modified":"2024-06-01T00:00:11","modified_gmt":"2024-06-01T00:00:11","slug":"combo-antioxidantes-2","status":"publish","type":"product","link":"https:\/\/sokotest2.com\/boticacentral\/product\/combo-antioxidantes-2\/","title":{"rendered":"Combo Antioxidantes 2"},"content":{"rendered":"<div class=\"wpb-content-wrapper\"><p>[vc_row][vc_column width=\u00bb1\/2&#8243; el_class=\u00bbrs_col-sm-12&#8243;][vc_single_image image=\u00bb25564&#8243; img_size=\u00bbfull\u00bb]Please provide product id to display corresponding data!<div id=\"1545306752163-e1771211-fbf9\" class=\"dt-sc-empty-space\"><\/div>[\/vc_column][vc_column width=\u00bb1\/2&#8243; el_class=\u00bbrs_col-sm-12&#8243;]<div class=\"ult_row_spacer\"><div class=\"ult-sticky-anchor\"><div class=\"ult-sticky-section ult-sticky \"  data-stick_behaviour= 'stick_with_scroll_row'  data-sticky_position= 'top' data-mobile='no' data-support='no'><div id=\"1545393023593-d06d6284-4cbb\" class=\"dt-sc-empty-space\"><\/div>Please provide product id to display corresponding data!Please provide product id to display corresponding data!<div id=\"1545393023666-1dadae0e-0428\" class=\"dt-sc-empty-space\"><\/div><\/div><div class=\"ult-space\"><\/div><\/div><\/div>[\/vc_column][\/vc_row][vc_row][vc_column]Please provide product id to display corresponding data![\/vc_column][\/vc_row][vc_row][vc_column]Please provide product id to display corresponding data![vc_empty_space height=\u00bb50px\u00bb]Please provide product id to display corresponding data![\/vc_column][\/vc_row]<\/p>\n<\/div>","protected":false},"excerpt":{"rendered":"<p>Las isoflavonas son compuestos que act\u00faan de manera similar a los estr\u00f3genos en las mujeres, ayudando a disminuir s\u00edntomas como bochornos, irritaci\u00f3n y resequedad vaginal. Adem\u00e1s, contribuyen a combatir la fatiga, cambios en los estados de \u00e1nimo, aportan antioxidantes y previenen la descalcificaci\u00f3n.<\/p>\n<p>COENZIMA Q10 CARDIO Y NEURO PROTECTOR, ENERGETICO Y ANTIOXIDANTE Producto natural con una f\u00f3rmula basada en antioxidantes naturales destacando su aporte la coenzima Q10, el cual es uno de los antioxidantes end\u00f3genos liposolubles m\u00e1s importantes para la salud de las personas<\/p>\n","protected":false},"featured_media":25564,"template":"","meta":[],"_links":{"self":[{"href":"https:\/\/sokotest2.com\/boticacentral\/wp-json\/wp\/v2\/product\/25563"}],"collection":[{"href":"https:\/\/sokotest2.com\/boticacentral\/wp-json\/wp\/v2\/product"}],"about":[{"href":"https:\/\/sokotest2.com\/boticacentral\/wp-json\/wp\/v2\/types\/product"}],"wp:featuredmedia":[{"embeddable":true,"href":"https:\/\/sokotest2.com\/boticacentral\/wp-json\/wp\/v2\/media\/25564"}],"wp:attachment":[{"href":"https:\/\/sokotest2.com\/boticacentral\/wp-json\/wp\/v2\/media?parent=25563"}],"curies":[{"name":"wp","href":"https:\/\/api.w.org\/{rel}","templated":true}]}}