{"id":26542,"date":"2024-06-26T17:03:39","date_gmt":"2024-06-26T17:03:39","guid":{"rendered":"https:\/\/boticacentral.com\/?post_type=product&#038;p=26542"},"modified":"2024-10-23T18:42:09","modified_gmt":"2024-10-23T18:42:09","slug":"septrin-f-c-14-tab","status":"publish","type":"product","link":"https:\/\/sokotest2.com\/boticacentral\/product\/septrin-f-c-14-tab\/","title":{"rendered":"SEPTRIN F C\/14 TAB"},"content":{"rendered":"<div class=\"wpb-content-wrapper\"><p>[vc_row][vc_column width=\u00bb1\/2&#8243; el_class=\u00bbrs_col-sm-12&#8243;][vc_single_image image=\u00bb26543&#8243; img_size=\u00bbfull\u00bb]Please provide product id to display corresponding data!<div id=\"1545306752163-e1771211-fbf9\" class=\"dt-sc-empty-space\"><\/div>[\/vc_column][vc_column width=\u00bb1\/2&#8243; el_class=\u00bbrs_col-sm-12&#8243;]<div class=\"ult_row_spacer\"><div class=\"ult-sticky-anchor\"><div class=\"ult-sticky-section ult-sticky \"  data-stick_behaviour= 'stick_with_scroll_row'  data-sticky_position= 'top' data-mobile='no' data-support='no'><div id=\"1545393023593-d06d6284-4cbb\" class=\"dt-sc-empty-space\"><\/div>Please provide product id to display corresponding data!Please provide product id to display corresponding data!<div id=\"1545393023666-1dadae0e-0428\" class=\"dt-sc-empty-space\"><\/div><\/div><div class=\"ult-space\"><\/div><\/div><\/div>[\/vc_column][\/vc_row][vc_row][vc_column]Please provide product id to display corresponding data![\/vc_column][\/vc_row][vc_row][vc_column]Please provide product id to display corresponding data![vc_empty_space height=\u00bb50px\u00bb]Please provide product id to display corresponding data![\/vc_column][\/vc_row]<\/p>\n<\/div>","protected":false},"excerpt":{"rendered":"<p class=\"Normal\">SEPTRIN<span class=\"SuperIndice\">\u00ae\u00a0<\/span>F est\u00e1 indicado para el tratamiento de:<\/p>\n<p class=\"Bandos\">\u2022 Infecciones agudas de las v\u00edas urinarias altas y bajas, no complicadas.<\/p>\n<p class=\"Bandos\">\u2022 Infecciones de v\u00edas respiratorias, exacerbaciones de la bronquitis cr\u00f3nica y tratamiento y prevenci\u00f3n de la neumon\u00eda por\u00a0<span class=\"Cursivo-Normal\">Pneumocystis carinii<\/span>. Otitis media.<\/p>\n<p class=\"Bandos\">\u2022 Infecciones del aparato genital, incluyendo gonorrea (infecci\u00f3n orofar\u00edngea y anorrectal), chancroide y linfogranuloma ven\u00e9reo.<\/p>\n<p class=\"Bandos\">\u2022 Infecciones del aparato gastrointestinal, incluyendo el c\u00f3lera, la shigelosis, la diarrea del viajero (incluyendo gastroenteritis debida a\u00a0<span class=\"Cursivo-Normal\">Escherichia coli enterotoxig\u00e9nica)<\/span>.<\/p>\n<p class=\"Bandos\">\u2022 Nocardiosis y toxoplasmosis.<\/p>\n<p class=\"Bandos\">\u2022 Otras infecciones bacterianas ocasionadas por microorganismos sensibles.<\/p>\n","protected":false},"featured_media":26543,"template":"","meta":[],"_links":{"self":[{"href":"https:\/\/sokotest2.com\/boticacentral\/wp-json\/wp\/v2\/product\/26542"}],"collection":[{"href":"https:\/\/sokotest2.com\/boticacentral\/wp-json\/wp\/v2\/product"}],"about":[{"href":"https:\/\/sokotest2.com\/boticacentral\/wp-json\/wp\/v2\/types\/product"}],"wp:featuredmedia":[{"embeddable":true,"href":"https:\/\/sokotest2.com\/boticacentral\/wp-json\/wp\/v2\/media\/26543"}],"wp:attachment":[{"href":"https:\/\/sokotest2.com\/boticacentral\/wp-json\/wp\/v2\/media?parent=26542"}],"curies":[{"name":"wp","href":"https:\/\/api.w.org\/{rel}","templated":true}]}}