{"id":26580,"date":"2024-07-01T22:49:05","date_gmt":"2024-07-01T22:49:05","guid":{"rendered":"https:\/\/boticacentral.com\/?post_type=product&#038;p=26580"},"modified":"2024-09-04T21:52:31","modified_gmt":"2024-09-04T21:52:31","slug":"yasmin-c-21-grag","status":"publish","type":"product","link":"https:\/\/sokotest2.com\/boticacentral\/product\/yasmin-c-21-grag\/","title":{"rendered":"YASMIN C\/21 GRAG"},"content":{"rendered":"<div class=\"wpb-content-wrapper\"><p>[vc_row][vc_column width=\u00bb1\/2&#8243; el_class=\u00bbrs_col-sm-12&#8243;][vc_single_image image=\u00bb26581&#8243; img_size=\u00bbfull\u00bb]Please provide product id to display corresponding data!<div id=\"1545306752163-e1771211-fbf9\" class=\"dt-sc-empty-space\"><\/div>[\/vc_column][vc_column width=\u00bb1\/2&#8243; el_class=\u00bbrs_col-sm-12&#8243;]<div class=\"ult_row_spacer\"><div class=\"ult-sticky-anchor\"><div class=\"ult-sticky-section ult-sticky \"  data-stick_behaviour= 'stick_with_scroll_row'  data-sticky_position= 'top' data-mobile='no' data-support='no'><div id=\"1545393023593-d06d6284-4cbb\" class=\"dt-sc-empty-space\"><\/div>Please provide product id to display corresponding data!Please provide product id to display corresponding data!<div id=\"1545393023666-1dadae0e-0428\" class=\"dt-sc-empty-space\"><\/div><\/div><div class=\"ult-space\"><\/div><\/div><\/div>[\/vc_column][\/vc_row][vc_row][vc_column]Please provide product id to display corresponding data![\/vc_column][\/vc_row][vc_row full_width=\u00bbstretch_row_content_no_spaces\u00bb][vc_column][\/vc_column][\/vc_row][vc_row][vc_column]Please provide product id to display corresponding data![vc_empty_space height=\u00bb50px\u00bb]Please provide product id to display corresponding data![\/vc_column][\/vc_row]<\/p>\n<\/div>","protected":false},"excerpt":{"rendered":"<p>Anticonceptivo oral combinado. Con efectos antimineralocorticoides y antiandrog\u00e9nicos beneficiosos para las mujeres que presentan s\u00edntomas resultantes de retenci\u00f3n de l\u00edquidos de origen hormonal.<\/p>\n<p>consulte a su medico<\/p>\n","protected":false},"featured_media":26581,"template":"","meta":[],"_links":{"self":[{"href":"https:\/\/sokotest2.com\/boticacentral\/wp-json\/wp\/v2\/product\/26580"}],"collection":[{"href":"https:\/\/sokotest2.com\/boticacentral\/wp-json\/wp\/v2\/product"}],"about":[{"href":"https:\/\/sokotest2.com\/boticacentral\/wp-json\/wp\/v2\/types\/product"}],"wp:featuredmedia":[{"embeddable":true,"href":"https:\/\/sokotest2.com\/boticacentral\/wp-json\/wp\/v2\/media\/26581"}],"wp:attachment":[{"href":"https:\/\/sokotest2.com\/boticacentral\/wp-json\/wp\/v2\/media?parent=26580"}],"curies":[{"name":"wp","href":"https:\/\/api.w.org\/{rel}","templated":true}]}}