{"id":26582,"date":"2024-07-02T16:12:59","date_gmt":"2024-07-02T16:12:59","guid":{"rendered":"https:\/\/boticacentral.com\/?post_type=product&#038;p=26582"},"modified":"2024-10-23T18:36:08","modified_gmt":"2024-10-23T18:36:08","slug":"botiquin-primeros-auxilios-leroy-1-pz","status":"publish","type":"product","link":"https:\/\/sokotest2.com\/boticacentral\/product\/botiquin-primeros-auxilios-leroy-1-pz\/","title":{"rendered":"BOTIQUIN PRIMEROS AUXILIOS LEROY 1 PZ"},"content":{"rendered":"<div class=\"wpb-content-wrapper\"><p>[vc_row][vc_column width=\u00bb1\/2&#8243; el_class=\u00bbrs_col-sm-12&#8243;][vc_gallery interval=\u00bb3&#8243; images=\u00bb26584,26583&#8243; img_size=\u00bbfull\u00bb]<div id=\"1545306752163-e1771211-fbf9\" class=\"dt-sc-empty-space\"><\/div>[\/vc_column][vc_column width=\u00bb1\/2&#8243; el_class=\u00bbrs_col-sm-12&#8243;]<div class=\"ult_row_spacer\"><div class=\"ult-sticky-anchor\"><div class=\"ult-sticky-section ult-sticky \"  data-stick_behaviour= 'stick_with_scroll_row'  data-sticky_position= 'top' data-mobile='no' data-support='no'><div id=\"1545393023593-d06d6284-4cbb\" class=\"dt-sc-empty-space\"><\/div>Please provide product id to display corresponding data!Please provide product id to display corresponding data!<div id=\"1545393023666-1dadae0e-0428\" class=\"dt-sc-empty-space\"><\/div><\/div><div class=\"ult-space\"><\/div><\/div><\/div>[\/vc_column][\/vc_row][vc_row][vc_column]Please provide product id to display corresponding data![\/vc_column][\/vc_row][vc_row full_width=\u00bbstretch_row_content_no_spaces\u00bb][vc_column]<div id=\"ult-carousel-319887661669df007ff1ce7\" class=\"ult-carousel-wrapper  no-space ult_horizontal\" data-gutter=\"15\" data-rtl=\"false\" ><div class=\"ult-carousel-109202799669df007ff1b9f \" ><div class=\"ult-item-wrap\" data-animation=\"animated no-animation\"><\/div><div class=\"ult-item-wrap\" data-animation=\"animated no-animation\"><\/div><div class=\"ult-item-wrap\" data-animation=\"animated no-animation\"><\/div><div class=\"ult-item-wrap\" data-animation=\"animated no-animation\"><\/div><div class=\"ult-item-wrap\" data-animation=\"animated no-animation\"><\/div><div class=\"ult-item-wrap\" data-animation=\"animated no-animation\"><\/div><div class=\"ult-item-wrap\" data-animation=\"animated no-animation\"><\/div><\/div><\/div>\t\t\t<script type=\"text\/javascript\">\r\n\t\t\t\tjQuery(document).ready(function ($) {\r\n\t\t\t\t\tif( typeof jQuery('.ult-carousel-109202799669df007ff1b9f').slick == \"function\"){\r\n\t\t\t\t\t\t$('.ult-carousel-109202799669df007ff1b9f').slick({dots: false,autoplay: true,autoplaySpeed: 5000,speed: 300,infinite: true,arrows: false,slidesToScroll:5,slidesToShow:5,swipe: true,draggable: true,touchMove: true,pauseOnHover: true,pauseOnFocus: false,responsive: [\r\n\t\t\t\t\t\t\t{\r\n\t\t\t\t\t\t\t  breakpoint: 1026,\r\n\t\t\t\t\t\t\t  settings: {\r\n\t\t\t\t\t\t\t\tslidesToShow: 5,\r\n\t\t\t\t\t\t\t\tslidesToScroll: 5,  \r\n\t\t\t\t\t\t\t  }\r\n\t\t\t\t\t\t\t},\r\n\t\t\t\t\t\t\t{\r\n\t\t\t\t\t\t\t  breakpoint: 1025,\r\n\t\t\t\t\t\t\t  settings: {\r\n\t\t\t\t\t\t\t\tslidesToShow: 3,\r\n\t\t\t\t\t\t\t\tslidesToScroll: 3\r\n\t\t\t\t\t\t\t  }\r\n\t\t\t\t\t\t\t},\r\n\t\t\t\t\t\t\t{\r\n\t\t\t\t\t\t\t  breakpoint: 760,\r\n\t\t\t\t\t\t\t  settings: {\r\n\t\t\t\t\t\t\t\tslidesToShow: 2,\r\n\t\t\t\t\t\t\t\tslidesToScroll: 2\r\n\t\t\t\t\t\t\t  }\r\n\t\t\t\t\t\t\t}\r\n\t\t\t\t\t\t],pauseOnDotsHover: true,customPaging: function(slider, i) {\r\n                   return '<i type=\"button\" style= \"color:#333333;\" class=\"ultsl-record\" data-role=\"none\"><\/i>';\r\n                },});\r\n\t\t\t\t\t}\r\n\t\t\t\t});\r\n\t\t\t<\/script>\r\n\t\t\t[\/vc_column][\/vc_row][vc_row][vc_column]Please provide product id to display corresponding data![vc_empty_space height=\u00bb50px\u00bb]Please provide product id to display corresponding data![\/vc_column][\/vc_row]<\/p>\n<\/div>","protected":false},"excerpt":{"rendered":"<p>BOTIQUIN EDICI\u00d3N ESPECIAL POR 85 A\u00d1OS DE LABORATORIOS LE ROY<br \/>\nVINTAGE<\/p>\n<p>Contiene antis\u00e9pticos y material de curaci\u00f3n para ayudar a brindar los primeros auxilios y solucionar problemas menores. algunos componentes pueden causar reacciones al\u00e9rgicas, aseg\u00farese de qui\u00e9n lo usa no sea al\u00e9rgico al mismo.<\/p>\n<p>Botiqu\u00edn Primeros Auxilios<\/p>\n<p>Caracter\u00edsticas<br \/>\nContiene antis\u00e9pticos y material de curaci\u00f3n para ayudar a brindar los primeros auxilios y solucionar problemas menores. algunos componentes pueden causar reacciones al\u00e9rgicas, aseg\u00farese de qui\u00e9n lo usa no sea al\u00e9rgico al mismo. Revise regularmente su botiqu\u00edn, reemplace los insumos faltantes y sustituya aquellos elementos que se encuentran sucios, contaminados, caducados o da\u00f1ados.<\/p>\n<p>No contiene medicamentos.<\/p>\n<p>No se deje al alcance de los ni\u00f1os<\/p>\n<p>Contenido<br \/>\n1 venda el\u00e1stica de 5 x 5 CM<br \/>\n1 venda el\u00e1stica de 10 x 5 CM<br \/>\n1 alcohol et\u00edlico desnaturalizado<br \/>\n1 spray desinfectante<br \/>\n1 paquete de algod\u00f3n bolitas<br \/>\n4 gasas ester\u00edl<br \/>\n3 venditas adhesivas grandes<br \/>\n3 venditas adhesivas circulares<br \/>\n1 cubrebocas tricapa<br \/>\nAlmacenamiento<\/p>\n<p>******USTED EST\u00c1 COMPRANDO UN BOTIQU\u00cdN DE PRIMEROS AUXILIOS CONTIENE 19 PZAS MARCA LE ROY EDICI\u00d3N LIMITADA ********************<\/p>\n<p>Somos una empresa de origen mexicano que te ofrece soluciones especializadas de material m\u00e9dico ya sea para la pr\u00e1ctica m\u00e9dica o para el uso como paciente.<br \/>\nContamos con amplio surtido en insumos de las mejores marcas que tienen presencia en M\u00e9xico<br \/>\n\u2022 Atenci\u00f3n inmediata 24\/7<br \/>\n\u2022 Facturamos su compra.<br \/>\n\u2022 Preparaci\u00f3n de pedido inmediato y enviamos a toda la Rep\u00fablica Mexicana<br \/>\n\u2022 Productos totalmente nuevos.<\/p>\n","protected":false},"featured_media":26584,"template":"","meta":[],"_links":{"self":[{"href":"https:\/\/sokotest2.com\/boticacentral\/wp-json\/wp\/v2\/product\/26582"}],"collection":[{"href":"https:\/\/sokotest2.com\/boticacentral\/wp-json\/wp\/v2\/product"}],"about":[{"href":"https:\/\/sokotest2.com\/boticacentral\/wp-json\/wp\/v2\/types\/product"}],"wp:featuredmedia":[{"embeddable":true,"href":"https:\/\/sokotest2.com\/boticacentral\/wp-json\/wp\/v2\/media\/26584"}],"wp:attachment":[{"href":"https:\/\/sokotest2.com\/boticacentral\/wp-json\/wp\/v2\/media?parent=26582"}],"curies":[{"name":"wp","href":"https:\/\/api.w.org\/{rel}","templated":true}]}}