{"id":26589,"date":"2024-07-02T16:40:57","date_gmt":"2024-07-02T16:40:57","guid":{"rendered":"https:\/\/boticacentral.com\/?post_type=product&#038;p=26589"},"modified":"2024-07-02T16:43:23","modified_gmt":"2024-07-02T16:43:23","slug":"soporte-para-clavicula-c-hebilla-c04-ped-tynor","status":"publish","type":"product","link":"https:\/\/sokotest2.com\/boticacentral\/product\/soporte-para-clavicula-c-hebilla-c04-ped-tynor\/","title":{"rendered":"SOPORTE PARA CLAVICULA C\/HEBILLA C04 PED TYNOR"},"content":{"rendered":"<div class=\"wpb-content-wrapper\"><p>[vc_row][vc_column width=\u00bb1\/2&#8243; el_class=\u00bbrs_col-sm-12&#8243;][vc_single_image image=\u00bb26590&#8243; img_size=\u00bbfull\u00bb]Please provide product id to display corresponding data!<div id=\"1545306752163-e1771211-fbf9\" class=\"dt-sc-empty-space\"><\/div>[\/vc_column][vc_column width=\u00bb1\/2&#8243; el_class=\u00bbrs_col-sm-12&#8243;]<div class=\"ult_row_spacer\"><div class=\"ult-sticky-anchor\"><div class=\"ult-sticky-section ult-sticky \"  data-stick_behaviour= 'stick_with_scroll_row'  data-sticky_position= 'top' data-mobile='no' data-support='no'><div id=\"1545393023593-d06d6284-4cbb\" class=\"dt-sc-empty-space\"><\/div>Please provide product id to display corresponding data!Please provide product id to display corresponding data!<div id=\"1545393023666-1dadae0e-0428\" class=\"dt-sc-empty-space\"><\/div><\/div><div class=\"ult-space\"><\/div><\/div><\/div>[\/vc_column][\/vc_row][vc_row][vc_column]Please provide product id to display corresponding data![\/vc_column][\/vc_row][vc_row full_width=\u00bbstretch_row_content_no_spaces\u00bb][vc_column]<div id=\"ult-carousel-381393857469e22681012a6\" class=\"ult-carousel-wrapper  no-space ult_horizontal\" data-gutter=\"15\" data-rtl=\"false\" ><div class=\"ult-carousel-74317320169e226810114f \" ><div class=\"ult-item-wrap\" data-animation=\"animated no-animation\"><\/div><div class=\"ult-item-wrap\" data-animation=\"animated no-animation\"><\/div><div class=\"ult-item-wrap\" data-animation=\"animated no-animation\"><\/div><div class=\"ult-item-wrap\" data-animation=\"animated no-animation\"><\/div><div class=\"ult-item-wrap\" data-animation=\"animated no-animation\"><\/div><div class=\"ult-item-wrap\" data-animation=\"animated no-animation\"><\/div><div class=\"ult-item-wrap\" data-animation=\"animated no-animation\"><\/div><\/div><\/div>\t\t\t<script type=\"text\/javascript\">\r\n\t\t\t\tjQuery(document).ready(function ($) {\r\n\t\t\t\t\tif( typeof jQuery('.ult-carousel-74317320169e226810114f').slick == \"function\"){\r\n\t\t\t\t\t\t$('.ult-carousel-74317320169e226810114f').slick({dots: false,autoplay: true,autoplaySpeed: 5000,speed: 300,infinite: true,arrows: false,slidesToScroll:5,slidesToShow:5,swipe: true,draggable: true,touchMove: true,pauseOnHover: true,pauseOnFocus: false,responsive: [\r\n\t\t\t\t\t\t\t{\r\n\t\t\t\t\t\t\t  breakpoint: 1026,\r\n\t\t\t\t\t\t\t  settings: {\r\n\t\t\t\t\t\t\t\tslidesToShow: 5,\r\n\t\t\t\t\t\t\t\tslidesToScroll: 5,  \r\n\t\t\t\t\t\t\t  }\r\n\t\t\t\t\t\t\t},\r\n\t\t\t\t\t\t\t{\r\n\t\t\t\t\t\t\t  breakpoint: 1025,\r\n\t\t\t\t\t\t\t  settings: {\r\n\t\t\t\t\t\t\t\tslidesToShow: 3,\r\n\t\t\t\t\t\t\t\tslidesToScroll: 3\r\n\t\t\t\t\t\t\t  }\r\n\t\t\t\t\t\t\t},\r\n\t\t\t\t\t\t\t{\r\n\t\t\t\t\t\t\t  breakpoint: 760,\r\n\t\t\t\t\t\t\t  settings: {\r\n\t\t\t\t\t\t\t\tslidesToShow: 2,\r\n\t\t\t\t\t\t\t\tslidesToScroll: 2\r\n\t\t\t\t\t\t\t  }\r\n\t\t\t\t\t\t\t}\r\n\t\t\t\t\t\t],pauseOnDotsHover: true,customPaging: function(slider, i) {\r\n                   return '<i type=\"button\" style= \"color:#333333;\" class=\"ultsl-record\" data-role=\"none\"><\/i>';\r\n                },});\r\n\t\t\t\t\t}\r\n\t\t\t\t});\r\n\t\t\t<\/script>\r\n\t\t\t[\/vc_column][\/vc_row][vc_row][vc_column]Please provide product id to display corresponding data![vc_empty_space height=\u00bb50px\u00bb]Please provide product id to display corresponding data![\/vc_column][\/vc_row]<\/p>\n<\/div>","protected":false},"excerpt":{"rendered":"<p>* El soporte de clav\u00edcula es una abrazadera pr\u00e1ctica dise\u00f1ada cient\u00edficamente que tiene como finalidad inmovilizar y comprimir el hueso de la clav\u00edcula. * Asegurando una uni\u00f3n lineal y la ausencia de despliegues del hueso de la clav\u00edcula fracturado. Se emplea cuando los trastornos neurovasculares no son severos y no es necesaria la cirug\u00eda CARACTER\u00cdSTICAS: * La almohadilla protege de las lesiones de la hebilla y mejora la comodidad del paciente. * El acolchado de espuma suave garantiza que no haya erupciones en las axilas, mejora la comodidad y el cumplimiento. * El dise\u00f1o en forma de ocho con vector lateral asegura la uni\u00f3n lineal del hueso de la clav\u00edcula, permite el movimiento requerido de los brazos con perfecta inmovilizaci\u00f3n del hueso de la clav\u00edcula, f\u00e1cil aplicaci\u00f3n.<\/p>\n","protected":false},"featured_media":26590,"template":"","meta":[],"_links":{"self":[{"href":"https:\/\/sokotest2.com\/boticacentral\/wp-json\/wp\/v2\/product\/26589"}],"collection":[{"href":"https:\/\/sokotest2.com\/boticacentral\/wp-json\/wp\/v2\/product"}],"about":[{"href":"https:\/\/sokotest2.com\/boticacentral\/wp-json\/wp\/v2\/types\/product"}],"wp:featuredmedia":[{"embeddable":true,"href":"https:\/\/sokotest2.com\/boticacentral\/wp-json\/wp\/v2\/media\/26590"}],"wp:attachment":[{"href":"https:\/\/sokotest2.com\/boticacentral\/wp-json\/wp\/v2\/media?parent=26589"}],"curies":[{"name":"wp","href":"https:\/\/api.w.org\/{rel}","templated":true}]}}