{"id":26886,"date":"2024-08-29T16:13:02","date_gmt":"2024-08-29T16:13:02","guid":{"rendered":"https:\/\/boticacentral.com\/?post_type=product&#038;p=26886"},"modified":"2024-10-28T22:45:55","modified_gmt":"2024-10-28T22:45:55","slug":"guante-para-exploracion-de-latex-esteril-gde-c-100pzs-ambiderm","status":"publish","type":"product","link":"https:\/\/sokotest2.com\/boticacentral\/product\/guante-para-exploracion-de-latex-esteril-gde-c-100pzs-ambiderm\/","title":{"rendered":"GUANTE PARA EXPLORACI\u00d3N DE LATEX EST\u00c9RIL GDE C\/100PZS AMBIDERM"},"content":{"rendered":"<div class=\"wpb-content-wrapper\"><p>[vc_row][vc_column width=\u00bb1\/2&#8243; el_class=\u00bbrs_col-sm-12&#8243;][vc_gallery interval=\u00bb3&#8243; images=\u00bb26889,26888,26887&#8243; img_size=\u00bbfull\u00bb]Please provide product id to display corresponding data!<div id=\"1545306752163-e1771211-fbf9\" class=\"dt-sc-empty-space\"><\/div>[\/vc_column][vc_column width=\u00bb1\/2&#8243; el_class=\u00bbrs_col-sm-12&#8243;]<div class=\"ult_row_spacer\"><div class=\"ult-sticky-anchor\"><div class=\"ult-sticky-section ult-sticky \"  data-stick_behaviour= 'stick_with_scroll_row'  data-sticky_position= 'top' data-mobile='no' data-support='no'><div id=\"1545393023593-d06d6284-4cbb\" class=\"dt-sc-empty-space\"><\/div>Please provide product id to display corresponding data!Please provide product id to display corresponding data!<div id=\"1545393023666-1dadae0e-0428\" class=\"dt-sc-empty-space\"><\/div><\/div><div class=\"ult-space\"><\/div><\/div><\/div>[\/vc_column][\/vc_row][vc_row][vc_column]Please provide product id to display corresponding data![\/vc_column][\/vc_row][vc_row][vc_column]Please provide product id to display corresponding data![vc_empty_space height=\u00bb50px\u00bb]Please provide product id to display corresponding data![\/vc_column][\/vc_row]<\/p>\n<\/div>","protected":false},"excerpt":{"rendered":"<p>Los Guantes de Exploraci\u00f3n Est\u00e9ril Ambiderm son Guantes de L\u00e1tex natural para examen, ambidiestros e indispensables para abastecer tu botiqu\u00edn, farmacia, consultorio, hospital y en general completar tu equipo m\u00e9dico.<\/p>\n<p>\u2022 M\u00e1xima suavidad y confort al tacto<br \/>\n\u2022 Alta Sensibilidad al Tacto<br \/>\n\u2022 Cumplen la Exigente Normatividad Internacional<\/p>\n","protected":false},"featured_media":26889,"template":"","meta":[],"_links":{"self":[{"href":"https:\/\/sokotest2.com\/boticacentral\/wp-json\/wp\/v2\/product\/26886"}],"collection":[{"href":"https:\/\/sokotest2.com\/boticacentral\/wp-json\/wp\/v2\/product"}],"about":[{"href":"https:\/\/sokotest2.com\/boticacentral\/wp-json\/wp\/v2\/types\/product"}],"wp:featuredmedia":[{"embeddable":true,"href":"https:\/\/sokotest2.com\/boticacentral\/wp-json\/wp\/v2\/media\/26889"}],"wp:attachment":[{"href":"https:\/\/sokotest2.com\/boticacentral\/wp-json\/wp\/v2\/media?parent=26886"}],"curies":[{"name":"wp","href":"https:\/\/api.w.org\/{rel}","templated":true}]}}