{"id":26898,"date":"2024-08-30T18:48:05","date_gmt":"2024-08-30T18:48:05","guid":{"rendered":"https:\/\/boticacentral.com\/?post_type=product&#038;p=26898"},"modified":"2024-10-23T18:18:59","modified_gmt":"2024-10-23T18:18:59","slug":"antiflu-des-ped-30-ml","status":"publish","type":"product","link":"https:\/\/sokotest2.com\/boticacentral\/product\/antiflu-des-ped-30-ml\/","title":{"rendered":"ANTIFLU-DES PED 30 ML"},"content":{"rendered":"<div class=\"wpb-content-wrapper\"><p>[vc_row][vc_column width=\u00bb1\/2&#8243; el_class=\u00bbrs_col-sm-12&#8243;][vc_gallery interval=\u00bb3&#8243; images=\u00bb26901,26900,26899&#8243; img_size=\u00bbfull\u00bb]Please provide product id to display corresponding data!<div id=\"1545306752163-e1771211-fbf9\" class=\"dt-sc-empty-space\"><\/div>[\/vc_column][vc_column width=\u00bb1\/2&#8243; el_class=\u00bbrs_col-sm-12&#8243;]<div class=\"ult_row_spacer\"><div class=\"ult-sticky-anchor\"><div class=\"ult-sticky-section ult-sticky \"  data-stick_behaviour= 'stick_with_scroll_row'  data-sticky_position= 'top' data-mobile='no' data-support='no'><div id=\"1545393023593-d06d6284-4cbb\" class=\"dt-sc-empty-space\"><\/div>Please provide product id to display corresponding data!Please provide product id to display corresponding data!<div id=\"1545393023666-1dadae0e-0428\" class=\"dt-sc-empty-space\"><\/div><\/div><div class=\"ult-space\"><\/div><\/div><\/div>[\/vc_column][\/vc_row][vc_row][vc_column]Please provide product id to display corresponding data![\/vc_column][\/vc_row][vc_row][vc_column]Please provide product id to display corresponding data![vc_empty_space height=\u00bb50px\u00bb]Please provide product id to display corresponding data![\/vc_column][\/vc_row]<\/p>\n<\/div>","protected":false},"excerpt":{"rendered":"<p>ANTIFLU-DES<span class=\"SuperIndice\">\u00ae<\/span>\u00a0PEDI\u00c1TRICO est\u00e1 indicado en el tratamiento de la influenza tipo \u00abA\u00bb causada por virus susceptibles a la amantadina. Tambi\u00e9n alivia los s\u00edntomas que la acompa\u00f1an, como fiebre, mialgias, escurrimiento nasal, cefalea y malestar general. La amantadina puede ser \u00fatil para la profilaxis de la influenza tipo \u00abA\u00bb cuando los virus implicados son susceptibles a ella.<\/p>\n","protected":false},"featured_media":26901,"template":"","meta":[],"_links":{"self":[{"href":"https:\/\/sokotest2.com\/boticacentral\/wp-json\/wp\/v2\/product\/26898"}],"collection":[{"href":"https:\/\/sokotest2.com\/boticacentral\/wp-json\/wp\/v2\/product"}],"about":[{"href":"https:\/\/sokotest2.com\/boticacentral\/wp-json\/wp\/v2\/types\/product"}],"wp:featuredmedia":[{"embeddable":true,"href":"https:\/\/sokotest2.com\/boticacentral\/wp-json\/wp\/v2\/media\/26901"}],"wp:attachment":[{"href":"https:\/\/sokotest2.com\/boticacentral\/wp-json\/wp\/v2\/media?parent=26898"}],"curies":[{"name":"wp","href":"https:\/\/api.w.org\/{rel}","templated":true}]}}