{"id":26960,"date":"2024-09-13T15:23:38","date_gmt":"2024-09-13T15:23:38","guid":{"rendered":"https:\/\/boticacentral.com\/?post_type=product&#038;p=26960"},"modified":"2024-10-17T18:38:05","modified_gmt":"2024-10-17T18:38:05","slug":"forxiga-10-mg-c-28-tab","status":"publish","type":"product","link":"https:\/\/sokotest2.com\/boticacentral\/product\/forxiga-10-mg-c-28-tab\/","title":{"rendered":"FORXIGA 10 MG C\/28 TAB"},"content":{"rendered":"<div class=\"wpb-content-wrapper\"><p>[vc_row][vc_column width=\u00bb1\/2&#8243; el_class=\u00bbrs_col-sm-12&#8243;][vc_single_image image=\u00bb26961&#8243; img_size=\u00bbfull\u00bb]Please provide product id to display corresponding data!<div id=\"1545306752163-e1771211-fbf9\" class=\"dt-sc-empty-space\"><\/div>[\/vc_column][vc_column width=\u00bb1\/2&#8243; el_class=\u00bbrs_col-sm-12&#8243;]<div class=\"ult_row_spacer\"><div class=\"ult-sticky-anchor\"><div class=\"ult-sticky-section ult-sticky \"  data-stick_behaviour= 'stick_with_scroll_row'  data-sticky_position= 'top' data-mobile='no' data-support='no'><div id=\"1545393023593-d06d6284-4cbb\" class=\"dt-sc-empty-space\"><\/div>Please provide product id to display corresponding data!Please provide product id to display corresponding data!<div id=\"1545393023666-1dadae0e-0428\" class=\"dt-sc-empty-space\"><\/div><\/div><div class=\"ult-space\"><\/div><\/div><\/div>[\/vc_column][\/vc_row][vc_row][vc_column]Please provide product id to display corresponding data![\/vc_column][\/vc_row][vc_row][vc_column]Please provide product id to display corresponding data![vc_empty_space height=\u00bb50px\u00bb]Please provide product id to display corresponding data![\/vc_column][\/vc_row]<\/p>\n<\/div>","protected":false},"excerpt":{"rendered":"<p>FORXIGA\u00ae est\u00e1 indicado como complemento a la dieta y el ejercicio para mejorar el control gluc\u00e9mico en pacientes con diabetes mellitus tipo 2 (DMT2). Terapia de adici\u00f3n: FORXIGA\u00ae est\u00e1 indicado en pacientes con diabetes mellitus tipo 2 para mejorar el control gluc\u00e9mico en combinaci\u00f3n con metformina, una tiazolidinediona, una sulfonilurea (con o sin metformina), un inhibidor de DPP4 (con o sin metformina), o insulina (sola o en combinaci\u00f3n con hasta dos antidiab\u00e9ticos orales) cuando la terapia existente, junto con dieta y ejercicio no proporcionan control gluc\u00e9mico adecuado. Combinaci\u00f3n inicial: FORXIGA\u00ae est\u00e1 indicado para su uso como terapia de combinaci\u00f3n inicial con metformina, como complemento a la dieta y el ejercicio, para mejorar el control gluc\u00e9mico en pacientes con diabetes mellitus tipo 2 cuando es apropiada la terapia dual de dapagliflozina y metformina.<\/p>\n","protected":false},"featured_media":26961,"template":"","meta":[],"_links":{"self":[{"href":"https:\/\/sokotest2.com\/boticacentral\/wp-json\/wp\/v2\/product\/26960"}],"collection":[{"href":"https:\/\/sokotest2.com\/boticacentral\/wp-json\/wp\/v2\/product"}],"about":[{"href":"https:\/\/sokotest2.com\/boticacentral\/wp-json\/wp\/v2\/types\/product"}],"wp:featuredmedia":[{"embeddable":true,"href":"https:\/\/sokotest2.com\/boticacentral\/wp-json\/wp\/v2\/media\/26961"}],"wp:attachment":[{"href":"https:\/\/sokotest2.com\/boticacentral\/wp-json\/wp\/v2\/media?parent=26960"}],"curies":[{"name":"wp","href":"https:\/\/api.w.org\/{rel}","templated":true}]}}