{"id":26963,"date":"2024-09-13T15:58:49","date_gmt":"2024-09-13T15:58:49","guid":{"rendered":"https:\/\/boticacentral.com\/?post_type=product&#038;p=26963"},"modified":"2024-10-17T18:36:50","modified_gmt":"2024-10-17T18:36:50","slug":"rojta-sol-repelente-fco-120-ml-nordin","status":"publish","type":"product","link":"https:\/\/sokotest2.com\/boticacentral\/product\/rojta-sol-repelente-fco-120-ml-nordin\/","title":{"rendered":"ROJTA SOL. REPELENTE FCO.120 ML.\u00bbNORDIN\u00bb"},"content":{"rendered":"<div class=\"wpb-content-wrapper\"><p>[vc_row][vc_column width=\u00bb1\/2&#8243; el_class=\u00bbrs_col-sm-12&#8243;][vc_gallery interval=\u00bb3&#8243; images=\u00bb26966,26965,26964&#8243; img_size=\u00bbfull\u00bb]Please provide product id to display corresponding data!<div id=\"1545306752163-e1771211-fbf9\" class=\"dt-sc-empty-space\"><\/div>[\/vc_column][vc_column width=\u00bb1\/2&#8243; el_class=\u00bbrs_col-sm-12&#8243;]<div class=\"ult_row_spacer\"><div class=\"ult-sticky-anchor\"><div class=\"ult-sticky-section ult-sticky \"  data-stick_behaviour= 'stick_with_scroll_row'  data-sticky_position= 'top' data-mobile='no' data-support='no'><div id=\"1545393023593-d06d6284-4cbb\" class=\"dt-sc-empty-space\"><\/div>Please provide product id to display corresponding data!Please provide product id to display corresponding data!<div id=\"1545393023666-1dadae0e-0428\" class=\"dt-sc-empty-space\"><\/div><\/div><div class=\"ult-space\"><\/div><\/div><\/div>[\/vc_column][\/vc_row][vc_row][vc_column]Please provide product id to display corresponding data![\/vc_column][\/vc_row][vc_row][vc_column]Please provide product id to display corresponding data![vc_empty_space height=\u00bb50px\u00bb]Please provide product id to display corresponding data![\/vc_column][\/vc_row]<\/p>\n<\/div>","protected":false},"excerpt":{"rendered":"<p><strong>INGREDIENTES:\u00a0<\/strong>Aceite esencial de eucalipto, Aceite esencial de citronela, Aceite esencial de lavanda, Alcohol et\u00edlico, gliceroles, vitamina E.<br \/>\n<strong>MODO DE EMPLEO:\u00a0<\/strong>Rociar el producto directamente en la piel principalmente en brazos y piernas, frotar ligeramente y dejar secar, en la cara aplicar con las manos. Puede rociarse en el ambiente y ropa de cama.<br \/>\n<strong>Aroma no irritante para las personas.<br \/>\n<\/strong><strong>ADVERTENCIA: NO INGERIBLE. NO SE APLIQUE CERCA DE LA FLAMA.\u00a0<\/strong>NO SE ATOMICE CERCA DE LAS FOSAS NASALES, OJOS, BOCA, NI GENITALES. NO SE DEJE AL ALCANCE DE LOS NI\u00d1OS. EN CASO DE INGESTI\u00d3N OBTENGA AYUDA M\u00c9DICA. EN CASO DE ALERGIA, SUSPENDA SU USO.<\/p>\n","protected":false},"featured_media":26966,"template":"","meta":[],"_links":{"self":[{"href":"https:\/\/sokotest2.com\/boticacentral\/wp-json\/wp\/v2\/product\/26963"}],"collection":[{"href":"https:\/\/sokotest2.com\/boticacentral\/wp-json\/wp\/v2\/product"}],"about":[{"href":"https:\/\/sokotest2.com\/boticacentral\/wp-json\/wp\/v2\/types\/product"}],"wp:featuredmedia":[{"embeddable":true,"href":"https:\/\/sokotest2.com\/boticacentral\/wp-json\/wp\/v2\/media\/26966"}],"wp:attachment":[{"href":"https:\/\/sokotest2.com\/boticacentral\/wp-json\/wp\/v2\/media?parent=26963"}],"curies":[{"name":"wp","href":"https:\/\/api.w.org\/{rel}","templated":true}]}}