{"id":26986,"date":"2024-09-20T17:05:43","date_gmt":"2024-09-20T17:05:43","guid":{"rendered":"https:\/\/boticacentral.com\/?post_type=product&#038;p=26986"},"modified":"2024-10-17T18:32:40","modified_gmt":"2024-10-17T18:32:40","slug":"nad-resveratrol-c-90-caps-zen-natura","status":"publish","type":"product","link":"https:\/\/sokotest2.com\/boticacentral\/product\/nad-resveratrol-c-90-caps-zen-natura\/","title":{"rendered":"NAD + RESVERATROL C\/90 CAPS \u00abZEN NATURA\u00bb"},"content":{"rendered":"<div class=\"wpb-content-wrapper\"><p>[vc_row][vc_column width=\u00bb1\/2&#8243; el_class=\u00bbrs_col-sm-12&#8243;][vc_single_image image=\u00bb26987&#8243; img_size=\u00bbfull\u00bb]Please provide product id to display corresponding data!<div id=\"1545306752163-e1771211-fbf9\" class=\"dt-sc-empty-space\"><\/div>[\/vc_column][vc_column width=\u00bb1\/2&#8243; el_class=\u00bbrs_col-sm-12&#8243;]<div class=\"ult_row_spacer\"><div class=\"ult-sticky-anchor\"><div class=\"ult-sticky-section ult-sticky \"  data-stick_behaviour= 'stick_with_scroll_row'  data-sticky_position= 'top' data-mobile='no' data-support='no'><div id=\"1545393023593-d06d6284-4cbb\" class=\"dt-sc-empty-space\"><\/div>Please provide product id to display corresponding data!Please provide product id to display corresponding data!<div id=\"1545393023666-1dadae0e-0428\" class=\"dt-sc-empty-space\"><\/div><\/div><div class=\"ult-space\"><\/div><\/div><\/div>[\/vc_column][\/vc_row][vc_row][vc_column]Please provide product id to display corresponding data![\/vc_column][\/vc_row][vc_row][vc_column]Please provide product id to display corresponding data![vc_empty_space height=\u00bb50px\u00bb]Please provide product id to display corresponding data![\/vc_column][\/vc_row]<\/p>\n<\/div>","protected":false},"excerpt":{"rendered":"<p><strong>NAD + RESVERATROL | 500MG<\/strong><\/p>\n<p><strong>\u00a1Logra alcanzar todos tus objetivos!<\/strong>\u00a0Disfruta de tus d\u00edas con apoyo de nuestra f\u00f3rmula de\u00a0<strong>NAD + RESVERATROL<\/strong>\u00a0con<strong>\u00a090 c\u00e1psulas de 500mg cada una.<\/strong>\u00a0Esta combinaci\u00f3n es ideal para ti y tu familia ya que cuenta con estos dos activos para darles lo necesario d\u00eda a d\u00eda. Te recomendamos ingerir\u00a0<strong>1 c\u00e1psula al d\u00eda<\/strong>\u00a0y as\u00ed lograr un tratamiento de<strong>\u00a090 d\u00edas.\u00a0<\/strong><\/p>\n","protected":false},"featured_media":26987,"template":"","meta":[],"_links":{"self":[{"href":"https:\/\/sokotest2.com\/boticacentral\/wp-json\/wp\/v2\/product\/26986"}],"collection":[{"href":"https:\/\/sokotest2.com\/boticacentral\/wp-json\/wp\/v2\/product"}],"about":[{"href":"https:\/\/sokotest2.com\/boticacentral\/wp-json\/wp\/v2\/types\/product"}],"wp:featuredmedia":[{"embeddable":true,"href":"https:\/\/sokotest2.com\/boticacentral\/wp-json\/wp\/v2\/media\/26987"}],"wp:attachment":[{"href":"https:\/\/sokotest2.com\/boticacentral\/wp-json\/wp\/v2\/media?parent=26986"}],"curies":[{"name":"wp","href":"https:\/\/api.w.org\/{rel}","templated":true}]}}