{"id":27151,"date":"2024-11-15T16:50:24","date_gmt":"2024-11-15T16:50:24","guid":{"rendered":"https:\/\/boticacentral.com\/?post_type=product&#038;p=27151"},"modified":"2024-11-15T17:41:08","modified_gmt":"2024-11-15T17:41:08","slug":"ashwaganda-root-120cap-500mg-zen-natura","status":"publish","type":"product","link":"https:\/\/sokotest2.com\/boticacentral\/product\/ashwaganda-root-120cap-500mg-zen-natura\/","title":{"rendered":"ASHWAGANDA ROOT 120CAP 500MG \u00abZEN NATURA\u00bb"},"content":{"rendered":"<div class=\"wpb-content-wrapper\"><p>[vc_row][vc_column width=\u00bb1\/2&#8243; el_class=\u00bbrs_col-sm-12&#8243;][vc_single_image image=\u00bb27156&#8243; img_size=\u00bbfull\u00bb]Please provide product id to display corresponding data!<div id=\"1545306752163-e1771211-fbf9\" class=\"dt-sc-empty-space\"><\/div>[\/vc_column][vc_column width=\u00bb1\/2&#8243; el_class=\u00bbrs_col-sm-12&#8243;]<div class=\"ult_row_spacer\"><div class=\"ult-sticky-anchor\"><div class=\"ult-sticky-section ult-sticky \"  data-stick_behaviour= 'stick_with_scroll_row'  data-sticky_position= 'top' data-mobile='no' data-support='no'><div id=\"1545393023593-d06d6284-4cbb\" class=\"dt-sc-empty-space\"><\/div>Please provide product id to display corresponding data!Please provide product id to display corresponding data!<div id=\"1545393023666-1dadae0e-0428\" class=\"dt-sc-empty-space\"><\/div><\/div><div class=\"ult-space\"><\/div><\/div><\/div>[\/vc_column][\/vc_row][vc_row][vc_column]Please provide product id to display corresponding data![\/vc_column][\/vc_row][vc_row full_width=\u00bbstretch_row_content_no_spaces\u00bb][vc_column]<div id=\"ult-carousel-238564805869e2be4620937\" class=\"ult-carousel-wrapper  no-space ult_horizontal\" data-gutter=\"15\" data-rtl=\"false\" ><div class=\"ult-carousel-354631732869e2be462086a \" ><div class=\"ult-item-wrap\" data-animation=\"animated no-animation\"><\/div><div class=\"ult-item-wrap\" data-animation=\"animated no-animation\"><\/div><div class=\"ult-item-wrap\" data-animation=\"animated no-animation\"><\/div><div class=\"ult-item-wrap\" data-animation=\"animated no-animation\"><\/div><div class=\"ult-item-wrap\" data-animation=\"animated no-animation\"><\/div><div class=\"ult-item-wrap\" data-animation=\"animated no-animation\"><\/div><div class=\"ult-item-wrap\" data-animation=\"animated no-animation\"><\/div><\/div><\/div>\t\t\t<script type=\"text\/javascript\">\r\n\t\t\t\tjQuery(document).ready(function ($) {\r\n\t\t\t\t\tif( typeof jQuery('.ult-carousel-354631732869e2be462086a').slick == \"function\"){\r\n\t\t\t\t\t\t$('.ult-carousel-354631732869e2be462086a').slick({dots: false,autoplay: true,autoplaySpeed: 5000,speed: 300,infinite: true,arrows: false,slidesToScroll:5,slidesToShow:5,swipe: true,draggable: true,touchMove: true,pauseOnHover: true,pauseOnFocus: false,responsive: [\r\n\t\t\t\t\t\t\t{\r\n\t\t\t\t\t\t\t  breakpoint: 1026,\r\n\t\t\t\t\t\t\t  settings: {\r\n\t\t\t\t\t\t\t\tslidesToShow: 5,\r\n\t\t\t\t\t\t\t\tslidesToScroll: 5,  \r\n\t\t\t\t\t\t\t  }\r\n\t\t\t\t\t\t\t},\r\n\t\t\t\t\t\t\t{\r\n\t\t\t\t\t\t\t  breakpoint: 1025,\r\n\t\t\t\t\t\t\t  settings: {\r\n\t\t\t\t\t\t\t\tslidesToShow: 3,\r\n\t\t\t\t\t\t\t\tslidesToScroll: 3\r\n\t\t\t\t\t\t\t  }\r\n\t\t\t\t\t\t\t},\r\n\t\t\t\t\t\t\t{\r\n\t\t\t\t\t\t\t  breakpoint: 760,\r\n\t\t\t\t\t\t\t  settings: {\r\n\t\t\t\t\t\t\t\tslidesToShow: 2,\r\n\t\t\t\t\t\t\t\tslidesToScroll: 2\r\n\t\t\t\t\t\t\t  }\r\n\t\t\t\t\t\t\t}\r\n\t\t\t\t\t\t],pauseOnDotsHover: true,customPaging: function(slider, i) {\r\n                   return '<i type=\"button\" style= \"color:#333333;\" class=\"ultsl-record\" data-role=\"none\"><\/i>';\r\n                },});\r\n\t\t\t\t\t}\r\n\t\t\t\t});\r\n\t\t\t<\/script>\r\n\t\t\t[\/vc_column][\/vc_row][vc_row][vc_column]Please provide product id to display corresponding data![vc_empty_space height=\u00bb50px\u00bb]Please provide product id to display corresponding data![\/vc_column][\/vc_row]<\/p>\n<\/div>","protected":false},"excerpt":{"rendered":"<p><strong>ASHWAGANDA ROOT | 500MG<\/strong><\/p>\n<p><strong>\u00a1Logra que tu d\u00eda rinda al m\u00e1ximo!<\/strong>\u00a0Este frasco podr\u00e1 darte los beneficios por\u00a0<strong>120 d\u00edas<\/strong>\u00a0ya que te recomendamos ingerir\u00a0<strong>1 c\u00e1psula<\/strong>\u00a0de\u00a0<strong>500MG<\/strong>\u00a0al d\u00eda. Disfruta tu d\u00eda, vive al m\u00e1ximo con nuestras c\u00e1psulas de\u00a0<strong>Ashwaganda<\/strong><\/p>\n","protected":false},"featured_media":27156,"template":"","meta":[],"_links":{"self":[{"href":"https:\/\/sokotest2.com\/boticacentral\/wp-json\/wp\/v2\/product\/27151"}],"collection":[{"href":"https:\/\/sokotest2.com\/boticacentral\/wp-json\/wp\/v2\/product"}],"about":[{"href":"https:\/\/sokotest2.com\/boticacentral\/wp-json\/wp\/v2\/types\/product"}],"wp:featuredmedia":[{"embeddable":true,"href":"https:\/\/sokotest2.com\/boticacentral\/wp-json\/wp\/v2\/media\/27156"}],"wp:attachment":[{"href":"https:\/\/sokotest2.com\/boticacentral\/wp-json\/wp\/v2\/media?parent=27151"}],"curies":[{"name":"wp","href":"https:\/\/api.w.org\/{rel}","templated":true}]}}