{"id":1787,"date":"2022-12-29T21:23:32","date_gmt":"2022-12-29T21:23:32","guid":{"rendered":"https:\/\/sokotest.com\/burr\/?page_id=1787"},"modified":"2022-12-29T21:30:04","modified_gmt":"2022-12-29T21:30:04","slug":"recetas","status":"publish","type":"page","link":"https:\/\/sokotest2.com\/burr2\/recetas\/","title":{"rendered":"Recetas"},"content":{"rendered":"\t\t<div data-elementor-type=\"wp-page\" data-elementor-id=\"1787\" class=\"elementor elementor-1787\">\n\t\t\t\t\t\t<section class=\"elementor-section elementor-top-section elementor-element elementor-element-0802bdb elementor-section-boxed elementor-section-height-default elementor-section-height-default\" data-id=\"0802bdb\" data-element_type=\"section\">\n\t\t\t\t\t\t<div class=\"elementor-container elementor-column-gap-default\">\n\t\t\t\t\t<div class=\"elementor-column elementor-col-100 elementor-top-column elementor-element elementor-element-a1023d8\" data-id=\"a1023d8\" data-element_type=\"column\">\n\t\t\t<div class=\"elementor-widget-wrap elementor-element-populated\">\n\t\t\t\t\t\t<div class=\"elementor-element elementor-element-98e87cd elementor-widget elementor-widget-carneshop_blog\" data-id=\"98e87cd\" data-element_type=\"widget\" data-widget_type=\"carneshop_blog.default\">\n\t\t\t\t<div class=\"elementor-widget-container\">\n\t\t\t\t\t\t\t\t\t\t<section class=\"news-section \">\n\t\t\t\t<div class=\"auto-container\">\n\t\t\t\t\t\t\t\t\t\t\t<div class=\"sec-title style-two centred\">\n\t\t\t\t\t\t\t<span>BURR<\/span>\n\t\t\t\t\t\t\t<h2>Nuestras Recetas<\/h2>\n\t\t\t\t\t\t<\/div>\n\t\t\t\t\t\t\t\t\t\t\t\t\t\t\t\t<div class=\"row clearfix\">\n\t\t\t\t\t\t\t\t\t\t\t\t\t\t\t\t\t\t\t\t\t\t\t\t\t\t\t\t\t\t\t\t<div class=\"col-lg-4 col-md-6 col-sm-12 news-block\">\n\t\t\t\t\t\t\t\t\t\t\t<div class=\"news-block-one wow fadeInUp animated animated\" data-wow-delay=\"00ms\" data-wow-duration=\"1500m\">\n\t\t\t\t\t\t\t\t\t\t\t\t\t\t\t\t\t\t\t\t\t\t\t\t<div class=\"inner-box\">\n\t\t\t\t\t\t\t\t\t\t\t\t\t\t<figure class=\"image-box\"><a href=\"https:\/\/sokotest2.com\/burr2\/dogos-burr\/\"><img fetchpriority=\"high\" decoding=\"async\" width=\"446\" height=\"334\" src=\"https:\/\/sokotest2.com\/burr2\/wp-content\/uploads\/2022\/12\/dogos.jpg\" class=\"attachment-carneshop-blog-grid size-carneshop-blog-grid wp-post-image\" alt=\"\" \/><\/a><\/figure>\n\t\t\t\t\t\t\t\t\t\t\t\t\t\t<div class=\"lower-content\">\n\t\t\t\t\t\t\t\t\t\t\t\t\t\t\t<ul class=\"post-info clearfix\">\n\t\t\t\t\t\t\t\t\t\t\t\t\t\t\t\t<li><a href=\"https:\/\/sokotest2.com\/burr2\/dogos-burr\/\">Por admin<\/a>,<\/li>\n\t\t\t\t\t\t\t\t\t\t\t\t\t\t\t\t<li>Dic 29, 2022<\/li>\n\t\t\t\t\t\t\t\t\t\t\t\t\t\t\t<\/ul>\n\t\t\t\t\t\t\t\t\t\t\t\t\t\t\t<h4><a href=\"https:\/\/sokotest2.com\/burr2\/dogos-burr\/\">Dogos<\/a><\/h4>\n\t\t\t\t\t\t\t\t\t\t\t\t\t\t\t<p>Dogos Prepara estos ricos hot dogs estilo Sonora, tambi\u00e9n conocidos como \u201cDogos\u201d, \u00a1son riqu\u00edsimos! Ingredientes 8 panes para hot dog 8 salchichas hot dog Burr 1 kg 8 rebanadas de tocino Burr 4 tomates, hervidos 3 jalape\u00f1o fresco 1 Cebolla Aguacate \u00bd taza de media crema Para servir: Jitomate picado, mostaza, c\u00e1tsup, mayonesa. Preparaci\u00f3n ENVUELVE <span>&#8230;<\/span><\/p>\n\t\t\t\t\t\t\t\t\t\t\t\t\t\t\t<div class=\"link\"><a href=\"https:\/\/sokotest2.com\/burr2\/dogos-burr\/\">LEER M\u00c1S<i class=\"flaticon-right\"><\/i><\/a><\/div>\n\t\t\t\t\t\t\t\t\t\t\t\t\t\t<\/div>\n\t\t\t\t\t\t\t\t\t\t\t\t\t<\/div>\n\t\t\t\t\t\t\t\t\t\t\t\t\t<\/div>\n\t\t\t\t\t\t\t\t\t\t\t\t<\/div>\n\t\t\t\t\t\t\t\t\t\t\t\t\t\t\t\t\t\t\t\t\t\t\t\t\t\t\t\t\t<div class=\"col-lg-4 col-md-6 col-sm-12 news-block\">\n\t\t\t\t\t\t\t\t\t\t\t<div class=\"news-block-one wow fadeInUp animated animated\" data-wow-delay=\"00ms\" data-wow-duration=\"1500m\">\n\t\t\t\t\t\t\t\t\t\t\t\t\t\t\t\t\t\t\t\t\t\t\t\t<div class=\"inner-box\">\n\t\t\t\t\t\t\t\t\t\t\t\t\t\t<figure class=\"image-box\"><a href=\"https:\/\/sokotest2.com\/burr2\/bologna-empanizada\/\"><img decoding=\"async\" width=\"464\" height=\"343\" src=\"https:\/\/sokotest2.com\/burr2\/wp-content\/uploads\/2022\/12\/bolognaempanizada2.jpg\" class=\"attachment-carneshop-blog-grid size-carneshop-blog-grid wp-post-image\" alt=\"\" \/><\/a><\/figure>\n\t\t\t\t\t\t\t\t\t\t\t\t\t\t<div class=\"lower-content\">\n\t\t\t\t\t\t\t\t\t\t\t\t\t\t\t<ul class=\"post-info clearfix\">\n\t\t\t\t\t\t\t\t\t\t\t\t\t\t\t\t<li><a href=\"https:\/\/sokotest2.com\/burr2\/bologna-empanizada\/\">Por admin<\/a>,<\/li>\n\t\t\t\t\t\t\t\t\t\t\t\t\t\t\t\t<li>Dic 29, 2022<\/li>\n\t\t\t\t\t\t\t\t\t\t\t\t\t\t\t<\/ul>\n\t\t\t\t\t\t\t\t\t\t\t\t\t\t\t<h4><a href=\"https:\/\/sokotest2.com\/burr2\/bologna-empanizada\/\">Bologna empanizada<\/a><\/h4>\n\t\t\t\t\t\t\t\t\t\t\t\t\t\t\t<p>Bologna Empanizada Ingredientes 500 gramos de Bologna Burr de medio cent\u00edmetro de ancho aproximadamente 2 piezas de huevo 300 gramos de pan hojuelas de ma\u00edz molidas 1\/2 cucharadita de sal fina 1\/2 cucharadita de pimienta molida Aceite para fre\u00edr Preparaci\u00f3n Colocamos un taz\u00f3n amplio. A\u00f1adimos los huevos. A\u00f1adimos sal. A\u00f1adimos pimienta. Mezclamos ligeramente hasta integrar <span>&#8230;<\/span><\/p>\n\t\t\t\t\t\t\t\t\t\t\t\t\t\t\t<div class=\"link\"><a href=\"https:\/\/sokotest2.com\/burr2\/bologna-empanizada\/\">LEER M\u00c1S<i class=\"flaticon-right\"><\/i><\/a><\/div>\n\t\t\t\t\t\t\t\t\t\t\t\t\t\t<\/div>\n\t\t\t\t\t\t\t\t\t\t\t\t\t<\/div>\n\t\t\t\t\t\t\t\t\t\t\t\t\t<\/div>\n\t\t\t\t\t\t\t\t\t\t\t\t<\/div>\n\t\t\t\t\t\t\t\t\t\t\t\t\t\t\t\t\t\t\t\t\t\t\t\t\t\t\t\t\t<div class=\"col-lg-4 col-md-6 col-sm-12 news-block\">\n\t\t\t\t\t\t\t\t\t\t\t<div class=\"news-block-one wow fadeInUp animated animated\" data-wow-delay=\"00ms\" data-wow-duration=\"1500m\">\n\t\t\t\t\t\t\t\t\t\t\t\t\t\t\t\t\t\t\t\t\t\t\t\t<div class=\"inner-box\">\n\t\t\t\t\t\t\t\t\t\t\t\t\t\t<figure class=\"image-box\"><a href=\"https:\/\/sokotest2.com\/burr2\/coctail-de-salchichas-al-estilo-burr\/\"><img decoding=\"async\" width=\"450\" height=\"302\" src=\"https:\/\/sokotest2.com\/burr2\/wp-content\/uploads\/2022\/12\/coctail2.jpg\" class=\"attachment-carneshop-blog-grid size-carneshop-blog-grid wp-post-image\" alt=\"\" \/><\/a><\/figure>\n\t\t\t\t\t\t\t\t\t\t\t\t\t\t<div class=\"lower-content\">\n\t\t\t\t\t\t\t\t\t\t\t\t\t\t\t<ul class=\"post-info clearfix\">\n\t\t\t\t\t\t\t\t\t\t\t\t\t\t\t\t<li><a href=\"https:\/\/sokotest2.com\/burr2\/coctail-de-salchichas-al-estilo-burr\/\">Por admin<\/a>,<\/li>\n\t\t\t\t\t\t\t\t\t\t\t\t\t\t\t\t<li>Dic 29, 2022<\/li>\n\t\t\t\t\t\t\t\t\t\t\t\t\t\t\t<\/ul>\n\t\t\t\t\t\t\t\t\t\t\t\t\t\t\t<h4><a href=\"https:\/\/sokotest2.com\/burr2\/coctail-de-salchichas-al-estilo-burr\/\">Coctail de salchichas al estilo Burr<\/a><\/h4>\n\t\t\t\t\t\t\t\t\t\t\t\t\t\t\t<p>Coctail de salchichas al estilo Burr Ingredientes 1 paquete de salchicha de pavo Burr 1\/2 cebolla finamente picada 1 chile serrano, finamente picado 2 jitomates, cortados en cubitos, sin semillas 3 cucharadas de cilantro fresco, finamente picado 1 aguacate, cortados en cubos chicos 1 taza de salsa c\u00e1tsup 2 cucharadas de jugo de lima 1\/2 <span>&#8230;<\/span><\/p>\n\t\t\t\t\t\t\t\t\t\t\t\t\t\t\t<div class=\"link\"><a href=\"https:\/\/sokotest2.com\/burr2\/coctail-de-salchichas-al-estilo-burr\/\">LEER M\u00c1S<i class=\"flaticon-right\"><\/i><\/a><\/div>\n\t\t\t\t\t\t\t\t\t\t\t\t\t\t<\/div>\n\t\t\t\t\t\t\t\t\t\t\t\t\t<\/div>\n\t\t\t\t\t\t\t\t\t\t\t\t\t<\/div>\n\t\t\t\t\t\t\t\t\t\t\t\t<\/div>\n\t\t\t\t\t\t\t\t\t\t\t\t\t\t\t\t\t\t\t\t\t<\/div>\n\t\t\t\t\t\t\t\t\t\t<\/div>\n\t\t\t<\/section>\n\t\t\t\t\t\t<\/div>\n\t\t\t\t<\/div>\n\t\t\t\t\t<\/div>\n\t\t<\/div>\n\t\t\t\t\t<\/div>\n\t\t<\/section>\n\t\t\t\t<\/div>\n\t\t","protected":false},"excerpt":{"rendered":"<p>BURR Nuestras Recetas by admin, Dec 29, 2022 Dogos Dogos Prepara estos ricos hot dogs estilo Sonora, tambi\u00e9n conocidos como \u201cDogos\u201d, \u00a1son riqu\u00edsimos! Ingredientes 8 panes para hot dog 8 salchichas hot dog Burr 1 kg 8 rebanadas de tocino Burr 4 tomates, hervidos 3 jalape\u00f1o fresco 1 Cebolla Aguacate \u00bd taza de media crema <span>&#8230;<\/span><\/p>\n","protected":false},"author":1,"featured_media":0,"parent":0,"menu_order":0,"comment_status":"closed","ping_status":"closed","template":"","meta":{"footnotes":""},"class_list":["post-1787","page","type-page","status-publish","hentry"],"_links":{"self":[{"href":"https:\/\/sokotest2.com\/burr2\/wp-json\/wp\/v2\/pages\/1787","targetHints":{"allow":["GET"]}}],"collection":[{"href":"https:\/\/sokotest2.com\/burr2\/wp-json\/wp\/v2\/pages"}],"about":[{"href":"https:\/\/sokotest2.com\/burr2\/wp-json\/wp\/v2\/types\/page"}],"author":[{"embeddable":true,"href":"https:\/\/sokotest2.com\/burr2\/wp-json\/wp\/v2\/users\/1"}],"replies":[{"embeddable":true,"href":"https:\/\/sokotest2.com\/burr2\/wp-json\/wp\/v2\/comments?post=1787"}],"version-history":[{"count":13,"href":"https:\/\/sokotest2.com\/burr2\/wp-json\/wp\/v2\/pages\/1787\/revisions"}],"predecessor-version":[{"id":1800,"href":"https:\/\/sokotest2.com\/burr2\/wp-json\/wp\/v2\/pages\/1787\/revisions\/1800"}],"wp:attachment":[{"href":"https:\/\/sokotest2.com\/burr2\/wp-json\/wp\/v2\/media?parent=1787"}],"curies":[{"name":"wp","href":"https:\/\/api.w.org\/{rel}","templated":true}]}}