{"id":3078,"date":"2025-07-09T17:20:34","date_gmt":"2025-07-09T23:20:34","guid":{"rendered":"https:\/\/sokotest2.com\/burr2\/?post_type=product&#038;p=3078"},"modified":"2025-07-09T17:20:34","modified_gmt":"2025-07-09T23:20:34","slug":"queso-monterey-jack-rallado","status":"publish","type":"product","link":"https:\/\/sokotest2.com\/burr2\/product\/queso-monterey-jack-rallado\/","title":{"rendered":"Queso Monterey Jack rallado"},"content":{"rendered":"<p>Presentaci\u00f3n rallada lista para usar. Se funde f\u00e1cilmente y realza el sabor de tus platillos.<\/p>\n<p>&nbsp;<\/p>\n<p><strong>Presentaci\u00f3n:<\/strong> 2kg<\/p>\n","protected":false},"excerpt":{"rendered":"<p>Presentaci\u00f3n rallada lista para usar. Se funde f\u00e1cilmente y realza el sabor de tus platillos. &nbsp; Presentaci\u00f3n: 2kg<\/p>\n","protected":false},"featured_media":3079,"comment_status":"closed","ping_status":"closed","template":"","meta":[],"product_brand":[],"product_cat":[87],"product_tag":[],"class_list":{"0":"post-3078","1":"product","2":"type-product","3":"status-publish","4":"has-post-thumbnail","6":"product_cat-quesos","8":"first","9":"instock","10":"shipping-taxable","11":"product-type-simple"},"_links":{"self":[{"href":"https:\/\/sokotest2.com\/burr2\/wp-json\/wp\/v2\/product\/3078","targetHints":{"allow":["GET"]}}],"collection":[{"href":"https:\/\/sokotest2.com\/burr2\/wp-json\/wp\/v2\/product"}],"about":[{"href":"https:\/\/sokotest2.com\/burr2\/wp-json\/wp\/v2\/types\/product"}],"replies":[{"embeddable":true,"href":"https:\/\/sokotest2.com\/burr2\/wp-json\/wp\/v2\/comments?post=3078"}],"wp:featuredmedia":[{"embeddable":true,"href":"https:\/\/sokotest2.com\/burr2\/wp-json\/wp\/v2\/media\/3079"}],"wp:attachment":[{"href":"https:\/\/sokotest2.com\/burr2\/wp-json\/wp\/v2\/media?parent=3078"}],"wp:term":[{"taxonomy":"product_brand","embeddable":true,"href":"https:\/\/sokotest2.com\/burr2\/wp-json\/wp\/v2\/product_brand?post=3078"},{"taxonomy":"product_cat","embeddable":true,"href":"https:\/\/sokotest2.com\/burr2\/wp-json\/wp\/v2\/product_cat?post=3078"},{"taxonomy":"product_tag","embeddable":true,"href":"https:\/\/sokotest2.com\/burr2\/wp-json\/wp\/v2\/product_tag?post=3078"}],"curies":[{"name":"wp","href":"https:\/\/api.w.org\/{rel}","templated":true}]}}