{"id":3083,"date":"2025-07-09T17:23:56","date_gmt":"2025-07-09T23:23:56","guid":{"rendered":"https:\/\/sokotest2.com\/burr2\/?post_type=product&#038;p=3083"},"modified":"2025-07-09T17:23:56","modified_gmt":"2025-07-09T23:23:56","slug":"queso-rebanado-tipo-americano","status":"publish","type":"product","link":"https:\/\/sokotest2.com\/burr2\/product\/queso-rebanado-tipo-americano\/","title":{"rendered":"Queso rebanado tipo  americano"},"content":{"rendered":"<p>Queso tipo americano en rebanadas. Pr\u00e1ctico para el lunch de tus hijos, s\u00e1ndwiches o gratinados. Disponible en presentaci\u00f3n familiar o individual.<\/p>\n<p>&nbsp;<\/p>\n<p><strong>Presentaci\u00f3n:<\/strong> 144gr \/ 2kg<\/p>\n","protected":false},"excerpt":{"rendered":"<p>Queso tipo americano en rebanadas. Pr\u00e1ctico para el lunch de tus hijos, s\u00e1ndwiches o gratinados. Disponible en presentaci\u00f3n familiar o individual. &nbsp; Presentaci\u00f3n: 144gr \/ 2kg<\/p>\n","protected":false},"featured_media":3084,"comment_status":"closed","ping_status":"closed","template":"","meta":[],"product_brand":[],"product_cat":[87],"product_tag":[],"class_list":{"0":"post-3083","1":"product","2":"type-product","3":"status-publish","4":"has-post-thumbnail","6":"product_cat-quesos","8":"first","9":"instock","10":"shipping-taxable","11":"product-type-simple"},"_links":{"self":[{"href":"https:\/\/sokotest2.com\/burr2\/wp-json\/wp\/v2\/product\/3083","targetHints":{"allow":["GET"]}}],"collection":[{"href":"https:\/\/sokotest2.com\/burr2\/wp-json\/wp\/v2\/product"}],"about":[{"href":"https:\/\/sokotest2.com\/burr2\/wp-json\/wp\/v2\/types\/product"}],"replies":[{"embeddable":true,"href":"https:\/\/sokotest2.com\/burr2\/wp-json\/wp\/v2\/comments?post=3083"}],"wp:featuredmedia":[{"embeddable":true,"href":"https:\/\/sokotest2.com\/burr2\/wp-json\/wp\/v2\/media\/3084"}],"wp:attachment":[{"href":"https:\/\/sokotest2.com\/burr2\/wp-json\/wp\/v2\/media?parent=3083"}],"wp:term":[{"taxonomy":"product_brand","embeddable":true,"href":"https:\/\/sokotest2.com\/burr2\/wp-json\/wp\/v2\/product_brand?post=3083"},{"taxonomy":"product_cat","embeddable":true,"href":"https:\/\/sokotest2.com\/burr2\/wp-json\/wp\/v2\/product_cat?post=3083"},{"taxonomy":"product_tag","embeddable":true,"href":"https:\/\/sokotest2.com\/burr2\/wp-json\/wp\/v2\/product_tag?post=3083"}],"curies":[{"name":"wp","href":"https:\/\/api.w.org\/{rel}","templated":true}]}}