{"id":3086,"date":"2025-07-09T17:24:50","date_gmt":"2025-07-09T23:24:50","guid":{"rendered":"https:\/\/sokotest2.com\/burr2\/?post_type=product&#038;p=3086"},"modified":"2025-07-09T17:26:09","modified_gmt":"2025-07-09T23:26:09","slug":"queso-rebanado-tipo-manchego","status":"publish","type":"product","link":"https:\/\/sokotest2.com\/burr2\/product\/queso-rebanado-tipo-manchego\/","title":{"rendered":"Queso rebanado tipo manchego"},"content":{"rendered":"<p>Queso tipo manchego en rebanadas pr\u00e1cticas, con un sabor suave y textura cremosa. Ideal para s\u00e1ndwiches, tortas o para<br \/>\nacompa\u00f1ar platillos caseros.<\/p>\n<p>&nbsp;<\/p>\n<p><strong>Presentaci\u00f3n:<\/strong> 144g<\/p>\n","protected":false},"excerpt":{"rendered":"<p>Queso tipo manchego en rebanadas pr\u00e1cticas, con un sabor suave y textura cremosa. Ideal para s\u00e1ndwiches, tortas o para acompa\u00f1ar platillos caseros. &nbsp; Presentaci\u00f3n: 144g<\/p>\n","protected":false},"featured_media":3087,"comment_status":"closed","ping_status":"closed","template":"","meta":[],"product_brand":[],"product_cat":[87],"product_tag":[],"class_list":{"0":"post-3086","1":"product","2":"type-product","3":"status-publish","4":"has-post-thumbnail","6":"product_cat-quesos","8":"first","9":"instock","10":"shipping-taxable","11":"product-type-simple"},"_links":{"self":[{"href":"https:\/\/sokotest2.com\/burr2\/wp-json\/wp\/v2\/product\/3086","targetHints":{"allow":["GET"]}}],"collection":[{"href":"https:\/\/sokotest2.com\/burr2\/wp-json\/wp\/v2\/product"}],"about":[{"href":"https:\/\/sokotest2.com\/burr2\/wp-json\/wp\/v2\/types\/product"}],"replies":[{"embeddable":true,"href":"https:\/\/sokotest2.com\/burr2\/wp-json\/wp\/v2\/comments?post=3086"}],"wp:featuredmedia":[{"embeddable":true,"href":"https:\/\/sokotest2.com\/burr2\/wp-json\/wp\/v2\/media\/3087"}],"wp:attachment":[{"href":"https:\/\/sokotest2.com\/burr2\/wp-json\/wp\/v2\/media?parent=3086"}],"wp:term":[{"taxonomy":"product_brand","embeddable":true,"href":"https:\/\/sokotest2.com\/burr2\/wp-json\/wp\/v2\/product_brand?post=3086"},{"taxonomy":"product_cat","embeddable":true,"href":"https:\/\/sokotest2.com\/burr2\/wp-json\/wp\/v2\/product_cat?post=3086"},{"taxonomy":"product_tag","embeddable":true,"href":"https:\/\/sokotest2.com\/burr2\/wp-json\/wp\/v2\/product_tag?post=3086"}],"curies":[{"name":"wp","href":"https:\/\/api.w.org\/{rel}","templated":true}]}}